{"id":222504,"date":"2026-03-04T05:46:41","date_gmt":"2026-03-04T04:46:41","guid":{"rendered":"https:\/\/grupotextil.es\/producto\/outlet-camisa-roly-hombre-aifos-5503\/"},"modified":"2026-03-04T06:16:04","modified_gmt":"2026-03-04T05:16:04","slug":"outlet-camisa-roly-hombre-aifos-5503","status":"publish","type":"product","link":"https:\/\/grupotextil.es\/ca\/product\/outlet-camisa-roly-hombre-aifos-5503\/","title":{"rendered":"*OUTLET* Camisa Roly Hombre Aifos 5503"},"content":{"rendered":"<p>Cl\u00e1sica camisa laboral para hombre en manga corta, perfecta para cualquier profesi\u00f3n dada la gran variedad de colores que te ofrecemos. Muy elegante, c\u00f3moda y pr\u00e1ctica, para hombres que necesiten confort en \u00e9sas largas jornadas de trabajo en las que el bienestar es esencial. Con \u00e9sta camisa laboral para hombre en manga corta conseguir\u00e1s una calidad laboral que siempre agradecer\u00e1s. Tallas hasta la XXXL.<\/p>","protected":false},"excerpt":{"rendered":"<p>Cl\u00e1sica camisa laboral para hombre en manga corta, perfecta para cualquier profesi\u00f3n dada la gran variedad de colores que te ofrecemos. Muy elegante, c\u00f3moda y pr\u00e1ctica, para hombres que necesiten confort en \u00e9sas largas jornadas de trabajo en las que el bienestar es esencial. Con \u00e9sta camisa laboral para hombre en manga corta conseguir\u00e1s una calidad laboral que siempre agradecer\u00e1s. Tallas hasta la XXXL.<\/p>","protected":false},"featured_media":222505,"comment_status":"open","ping_status":"closed","template":"","meta":{"_acf_changed":false},"product_brand":[14011],"product_cat":[13974,13975,13973],"product_tag":[],"class_list":{"0":"post-222504","1":"product","2":"type-product","3":"status-publish","4":"has-post-thumbnail","6":"product_brand-roly","7":"product_cat-ropa-hombre","8":"product_cat-ropa-mujer","9":"product_cat-ropa","10":"tm-no-options","12":"first","13":"instock","14":"taxable","15":"shipping-taxable","16":"product-type-variable"},"acf":[],"_links":{"self":[{"href":"https:\/\/grupotextil.es\/ca\/wp-json\/wp\/v2\/product\/222504","targetHints":{"allow":["GET"]}}],"collection":[{"href":"https:\/\/grupotextil.es\/ca\/wp-json\/wp\/v2\/product"}],"about":[{"href":"https:\/\/grupotextil.es\/ca\/wp-json\/wp\/v2\/types\/product"}],"replies":[{"embeddable":true,"href":"https:\/\/grupotextil.es\/ca\/wp-json\/wp\/v2\/comments?post=222504"}],"wp:featuredmedia":[{"embeddable":true,"href":"https:\/\/grupotextil.es\/ca\/wp-json\/wp\/v2\/media\/222505"}],"wp:attachment":[{"href":"https:\/\/grupotextil.es\/ca\/wp-json\/wp\/v2\/media?parent=222504"}],"wp:term":[{"taxonomy":"product_brand","embeddable":true,"href":"https:\/\/grupotextil.es\/ca\/wp-json\/wp\/v2\/product_brand?post=222504"},{"taxonomy":"product_cat","embeddable":true,"href":"https:\/\/grupotextil.es\/ca\/wp-json\/wp\/v2\/product_cat?post=222504"},{"taxonomy":"product_tag","embeddable":true,"href":"https:\/\/grupotextil.es\/ca\/wp-json\/wp\/v2\/product_tag?post=222504"}],"curies":[{"name":"wp","href":"https:\/\/api.w.org\/{rel}","templated":true}]}}