{"id":222932,"date":"2026-03-04T05:52:21","date_gmt":"2026-03-04T04:52:21","guid":{"rendered":"https:\/\/grupotextil.es\/producto\/sudadera-roly-annapurna-1104-hombre\/"},"modified":"2026-03-10T01:58:17","modified_gmt":"2026-03-10T00:58:17","slug":"sudadera-roly-annapurna-1104-hombre","status":"publish","type":"product","link":"https:\/\/grupotextil.es\/ca\/product\/sudadera-roly-annapurna-1104-hombre\/","title":{"rendered":"Sudadera Roly Annapurna 1104 Hombre"},"content":{"rendered":"<p>Sudadera de algod\u00f3n de manga entallada estilo rangl\u00e1n. Con cuello, pu\u00f1os y cintura, en canal\u00e9 1\u00d71. Cuello redondo con adorno de costuras remalladas cruzadas y cubrecosturas de refuerzo en el interior del cuello.<\/p>","protected":false},"excerpt":{"rendered":"<p>Sudadera de algod\u00f3n de manga entallada estilo rangl\u00e1n. Con cuello, pu\u00f1os y cintura, en canal\u00e9 1\u00d71. Cuello redondo con adorno de costuras remalladas cruzadas y cubrecosturas de refuerzo en el interior del cuello.<\/p>","protected":false},"featured_media":222934,"comment_status":"open","ping_status":"closed","template":"","meta":{"_acf_changed":false},"product_brand":[14011],"product_cat":[13974,13973,13980],"product_tag":[],"class_list":{"0":"post-222932","1":"product","2":"type-product","3":"status-publish","4":"has-post-thumbnail","6":"product_brand-roly","7":"product_cat-ropa-hombre","8":"product_cat-ropa","9":"product_cat-h-sudaderas","10":"tm-no-options","12":"first","13":"instock","14":"taxable","15":"shipping-taxable","16":"product-type-variable"},"acf":[],"_links":{"self":[{"href":"https:\/\/grupotextil.es\/ca\/wp-json\/wp\/v2\/product\/222932","targetHints":{"allow":["GET"]}}],"collection":[{"href":"https:\/\/grupotextil.es\/ca\/wp-json\/wp\/v2\/product"}],"about":[{"href":"https:\/\/grupotextil.es\/ca\/wp-json\/wp\/v2\/types\/product"}],"replies":[{"embeddable":true,"href":"https:\/\/grupotextil.es\/ca\/wp-json\/wp\/v2\/comments?post=222932"}],"wp:featuredmedia":[{"embeddable":true,"href":"https:\/\/grupotextil.es\/ca\/wp-json\/wp\/v2\/media\/222934"}],"wp:attachment":[{"href":"https:\/\/grupotextil.es\/ca\/wp-json\/wp\/v2\/media?parent=222932"}],"wp:term":[{"taxonomy":"product_brand","embeddable":true,"href":"https:\/\/grupotextil.es\/ca\/wp-json\/wp\/v2\/product_brand?post=222932"},{"taxonomy":"product_cat","embeddable":true,"href":"https:\/\/grupotextil.es\/ca\/wp-json\/wp\/v2\/product_cat?post=222932"},{"taxonomy":"product_tag","embeddable":true,"href":"https:\/\/grupotextil.es\/ca\/wp-json\/wp\/v2\/product_tag?post=222932"}],"curies":[{"name":"wp","href":"https:\/\/api.w.org\/{rel}","templated":true}]}}