{"id":223202,"date":"2026-03-04T05:56:00","date_gmt":"2026-03-04T04:56:00","guid":{"rendered":"https:\/\/grupotextil.es\/producto\/outlet-pantalon-chandal-roly-carson-1029-hombre\/"},"modified":"2026-03-04T06:16:05","modified_gmt":"2026-03-04T05:16:05","slug":"outlet-pantalon-chandal-roly-carson-1029-hombre","status":"publish","type":"product","link":"https:\/\/grupotextil.es\/ca\/product\/outlet-pantalon-chandal-roly-carson-1029-hombre\/","title":{"rendered":"*OUTLET* Pantal\u00f3n Ch\u00e1ndal Roly Carson 1029 Hombre"},"content":{"rendered":"<p>Bermuda deportiva para hombre con cinturilla el\u00e1stica ancha ajustable mediante cord\u00f3n, bolsillos laterales con vivo y bolsillo de parche trasero. Paneles laterales alargados con forma curva. Rodillas con pinzas a cuatro esquinas. Bajos de punto anchos a desnivel.<\/p>\n<p>65% poli\u00e9ster \/ 35% algod\u00f3n, felpa no perchada, 290 g\/m\u00b2.<\/p>\n<p>*Color gris vigor\u00e9 58: 40% poli\u00e9ster \/ 55% algod\u00f3n \/ 5% viscosa.<br \/>\n*Etiqueta removible.<\/p>\n<p>&nbsp;<\/p>","protected":false},"excerpt":{"rendered":"<p>Bermuda deportiva para hombre con cinturilla el\u00e1stica ancha ajustable mediante cord\u00f3n, bolsillos laterales con vivo y bolsillo de parche trasero. Paneles laterales alargados con forma curva. Rodillas con pinzas a cuatro esquinas. Bajos de punto anchos a desnivel.<\/p>\n<p>65% poli\u00e9ster \/ 35% algod\u00f3n, felpa no perchada, 290 g\/m\u00b2.<\/p>\n<p>*Color gris vigor\u00e9 58: 40% poli\u00e9ster \/ 55% algod\u00f3n \/ 5% viscosa.<br \/>\n*Etiqueta removible.<\/p>\n<p>&nbsp;<\/p>","protected":false},"featured_media":223204,"comment_status":"open","ping_status":"closed","template":"","meta":{"_acf_changed":false},"product_brand":[14011],"product_cat":[13974,13975,13973],"product_tag":[],"class_list":{"0":"post-223202","1":"product","2":"type-product","3":"status-publish","4":"has-post-thumbnail","6":"product_brand-roly","7":"product_cat-ropa-hombre","8":"product_cat-ropa-mujer","9":"product_cat-ropa","10":"tm-no-options","12":"first","13":"instock","14":"taxable","15":"shipping-taxable","16":"product-type-variable"},"acf":[],"_links":{"self":[{"href":"https:\/\/grupotextil.es\/ca\/wp-json\/wp\/v2\/product\/223202","targetHints":{"allow":["GET"]}}],"collection":[{"href":"https:\/\/grupotextil.es\/ca\/wp-json\/wp\/v2\/product"}],"about":[{"href":"https:\/\/grupotextil.es\/ca\/wp-json\/wp\/v2\/types\/product"}],"replies":[{"embeddable":true,"href":"https:\/\/grupotextil.es\/ca\/wp-json\/wp\/v2\/comments?post=223202"}],"wp:featuredmedia":[{"embeddable":true,"href":"https:\/\/grupotextil.es\/ca\/wp-json\/wp\/v2\/media\/223204"}],"wp:attachment":[{"href":"https:\/\/grupotextil.es\/ca\/wp-json\/wp\/v2\/media?parent=223202"}],"wp:term":[{"taxonomy":"product_brand","embeddable":true,"href":"https:\/\/grupotextil.es\/ca\/wp-json\/wp\/v2\/product_brand?post=223202"},{"taxonomy":"product_cat","embeddable":true,"href":"https:\/\/grupotextil.es\/ca\/wp-json\/wp\/v2\/product_cat?post=223202"},{"taxonomy":"product_tag","embeddable":true,"href":"https:\/\/grupotextil.es\/ca\/wp-json\/wp\/v2\/product_tag?post=223202"}],"curies":[{"name":"wp","href":"https:\/\/api.w.org\/{rel}","templated":true}]}}