{"id":223827,"date":"2026-03-04T06:03:11","date_gmt":"2026-03-04T05:03:11","guid":{"rendered":"https:\/\/grupotextil.es\/producto\/calcetas-deportivas-roly-soccer-0491-unisex\/"},"modified":"2026-03-04T06:16:06","modified_gmt":"2026-03-04T05:16:06","slug":"calcetas-deportivas-roly-soccer-0491-unisex","status":"publish","type":"product","link":"https:\/\/grupotextil.es\/ca\/product\/calcetas-deportivas-roly-soccer-0491-unisex\/","title":{"rendered":"Calcetas Deportivas Roly Soccer 0491 Unisex"},"content":{"rendered":"<p>Calcetas deportivas de alta duraci\u00f3n, canal\u00e9 con elasticidad progresiva adapt\u00e1ndose a diferentes medidas, zonas el\u00e1sticas para una mejor sujeci\u00f3n.<\/p>","protected":false},"excerpt":{"rendered":"<p>Calcetas deportivas de alta duraci\u00f3n, canal\u00e9 con elasticidad progresiva adapt\u00e1ndose a diferentes medidas, zonas el\u00e1sticas para una mejor sujeci\u00f3n.<\/p>","protected":false},"featured_media":223828,"comment_status":"open","ping_status":"closed","template":"","meta":{"_acf_changed":false},"product_brand":[14011],"product_cat":[13974,13975,13973],"product_tag":[],"class_list":{"0":"post-223827","1":"product","2":"type-product","3":"status-publish","4":"has-post-thumbnail","6":"product_brand-roly","7":"product_cat-ropa-hombre","8":"product_cat-ropa-mujer","9":"product_cat-ropa","10":"tm-no-options","12":"first","13":"instock","14":"taxable","15":"shipping-taxable","16":"product-type-variable"},"acf":[],"_links":{"self":[{"href":"https:\/\/grupotextil.es\/ca\/wp-json\/wp\/v2\/product\/223827","targetHints":{"allow":["GET"]}}],"collection":[{"href":"https:\/\/grupotextil.es\/ca\/wp-json\/wp\/v2\/product"}],"about":[{"href":"https:\/\/grupotextil.es\/ca\/wp-json\/wp\/v2\/types\/product"}],"replies":[{"embeddable":true,"href":"https:\/\/grupotextil.es\/ca\/wp-json\/wp\/v2\/comments?post=223827"}],"wp:featuredmedia":[{"embeddable":true,"href":"https:\/\/grupotextil.es\/ca\/wp-json\/wp\/v2\/media\/223828"}],"wp:attachment":[{"href":"https:\/\/grupotextil.es\/ca\/wp-json\/wp\/v2\/media?parent=223827"}],"wp:term":[{"taxonomy":"product_brand","embeddable":true,"href":"https:\/\/grupotextil.es\/ca\/wp-json\/wp\/v2\/product_brand?post=223827"},{"taxonomy":"product_cat","embeddable":true,"href":"https:\/\/grupotextil.es\/ca\/wp-json\/wp\/v2\/product_cat?post=223827"},{"taxonomy":"product_tag","embeddable":true,"href":"https:\/\/grupotextil.es\/ca\/wp-json\/wp\/v2\/product_tag?post=223827"}],"curies":[{"name":"wp","href":"https:\/\/api.w.org\/{rel}","templated":true}]}}