{"id":223906,"date":"2026-03-04T06:04:52","date_gmt":"2026-03-04T05:04:52","guid":{"rendered":"https:\/\/grupotextil.es\/producto\/basic-roundneck\/"},"modified":"2026-04-19T04:06:29","modified_gmt":"2026-04-19T02:06:29","slug":"basic-roundneck","status":"publish","type":"product","link":"https:\/\/grupotextil.es\/ca\/product\/basic-roundneck\/","title":{"rendered":"Basic Roundneck"},"content":{"rendered":"<p>Sudadera unisex de cuello redondo. Canal\u00e9 el\u00e1stico en mangas y dobladillo. Tejido estabilizado para lavados intensos con acabado anti pilling. Canal\u00e9 el\u00e1stico 1&#215;1 con doble pespunte. Cinta de sarga en cuello y etiqueta bordada.<\/p>\n<p><strong>Composici\u00f3n:<\/strong> 65% Poli\u00e9ster, 35% Algod\u00f3n (amarillo visibilidad [11] y naranja visibilidad [170]: 85% poli\u00e9ster 15% algod\u00f3n) | <strong>Peso:<\/strong> 280 g\/m2 | <strong>Tallas:<\/strong> XS-3XL (00, 35, 55: XS-4XL) (580, 95, 99: XS-5XL)<\/p>","protected":false},"excerpt":{"rendered":"<p>Sudadera unisex de cuello redondo. Canal\u00e9 el\u00e1stico en mangas y dobladillo. Tejido estabilizado para lavados intensos con acabado anti pilling. Canal\u00e9 el\u00e1stico 1&#215;1 con doble pespunte. Cinta de sarga en cuello y etiqueta bordada.<\/p>","protected":false},"featured_media":233817,"comment_status":"open","ping_status":"closed","template":"","meta":{"_acf_changed":false},"product_brand":[10446],"product_cat":[13980],"product_tag":[],"class_list":{"0":"post-223906","1":"product","2":"type-product","3":"status-publish","4":"has-post-thumbnail","6":"product_brand-clique","7":"product_cat-h-sudaderas","8":"tm-no-options","10":"first","11":"instock","12":"taxable","13":"shipping-taxable","14":"product-type-variable"},"acf":[],"_links":{"self":[{"href":"https:\/\/grupotextil.es\/ca\/wp-json\/wp\/v2\/product\/223906","targetHints":{"allow":["GET"]}}],"collection":[{"href":"https:\/\/grupotextil.es\/ca\/wp-json\/wp\/v2\/product"}],"about":[{"href":"https:\/\/grupotextil.es\/ca\/wp-json\/wp\/v2\/types\/product"}],"replies":[{"embeddable":true,"href":"https:\/\/grupotextil.es\/ca\/wp-json\/wp\/v2\/comments?post=223906"}],"wp:featuredmedia":[{"embeddable":true,"href":"https:\/\/grupotextil.es\/ca\/wp-json\/wp\/v2\/media\/233817"}],"wp:attachment":[{"href":"https:\/\/grupotextil.es\/ca\/wp-json\/wp\/v2\/media?parent=223906"}],"wp:term":[{"taxonomy":"product_brand","embeddable":true,"href":"https:\/\/grupotextil.es\/ca\/wp-json\/wp\/v2\/product_brand?post=223906"},{"taxonomy":"product_cat","embeddable":true,"href":"https:\/\/grupotextil.es\/ca\/wp-json\/wp\/v2\/product_cat?post=223906"},{"taxonomy":"product_tag","embeddable":true,"href":"https:\/\/grupotextil.es\/ca\/wp-json\/wp\/v2\/product_tag?post=223906"}],"curies":[{"name":"wp","href":"https:\/\/api.w.org\/{rel}","templated":true}]}}