{"id":223960,"date":"2026-03-04T06:05:14","date_gmt":"2026-03-04T05:05:14","guid":{"rendered":"https:\/\/grupotextil.es\/producto\/gorra-roly-panel-7008-nino\/"},"modified":"2026-03-04T06:16:06","modified_gmt":"2026-03-04T05:16:06","slug":"gorra-roly-panel-7008-nino","status":"publish","type":"product","link":"https:\/\/grupotextil.es\/ca\/product\/gorra-roly-panel-7008-nino\/","title":{"rendered":"Gorra Roly Panel 7008 Ni\u00f1o"},"content":{"rendered":"<p>Gorra 6 paneles con s\u00e1ndwich a contraste 100% algod\u00f3n. Con 6 orificios de ventilaci\u00f3n bordados a contraste y 6 l\u00edneas de pespunte en visera. Cinta antisudoral en el interior. Con cierre de velcro.<\/p>","protected":false},"excerpt":{"rendered":"<p>Gorra 6 paneles con s\u00e1ndwich a contraste 100% algod\u00f3n. Con 6 orificios de ventilaci\u00f3n bordados a contraste y 6 l\u00edneas de pespunte en visera. Cinta antisudoral en el interior. Con cierre de velcro.<\/p>","protected":false},"featured_media":223963,"comment_status":"open","ping_status":"closed","template":"","meta":{"_acf_changed":false},"product_brand":[14011],"product_cat":[13949],"product_tag":[],"class_list":{"0":"post-223960","1":"product","2":"type-product","3":"status-publish","4":"has-post-thumbnail","6":"product_brand-roly","7":"product_cat-acc-gorras-y-sombreros","8":"tm-no-options","10":"first","11":"instock","12":"taxable","13":"shipping-taxable","14":"product-type-variable"},"acf":[],"_links":{"self":[{"href":"https:\/\/grupotextil.es\/ca\/wp-json\/wp\/v2\/product\/223960","targetHints":{"allow":["GET"]}}],"collection":[{"href":"https:\/\/grupotextil.es\/ca\/wp-json\/wp\/v2\/product"}],"about":[{"href":"https:\/\/grupotextil.es\/ca\/wp-json\/wp\/v2\/types\/product"}],"replies":[{"embeddable":true,"href":"https:\/\/grupotextil.es\/ca\/wp-json\/wp\/v2\/comments?post=223960"}],"wp:featuredmedia":[{"embeddable":true,"href":"https:\/\/grupotextil.es\/ca\/wp-json\/wp\/v2\/media\/223963"}],"wp:attachment":[{"href":"https:\/\/grupotextil.es\/ca\/wp-json\/wp\/v2\/media?parent=223960"}],"wp:term":[{"taxonomy":"product_brand","embeddable":true,"href":"https:\/\/grupotextil.es\/ca\/wp-json\/wp\/v2\/product_brand?post=223960"},{"taxonomy":"product_cat","embeddable":true,"href":"https:\/\/grupotextil.es\/ca\/wp-json\/wp\/v2\/product_cat?post=223960"},{"taxonomy":"product_tag","embeddable":true,"href":"https:\/\/grupotextil.es\/ca\/wp-json\/wp\/v2\/product_tag?post=223960"}],"curies":[{"name":"wp","href":"https:\/\/api.w.org\/{rel}","templated":true}]}}