{"id":223967,"date":"2026-03-04T06:05:16","date_gmt":"2026-03-04T05:05:16","guid":{"rendered":"https:\/\/grupotextil.es\/producto\/basic-active-shorts\/"},"modified":"2026-04-19T04:06:29","modified_gmt":"2026-04-19T02:06:29","slug":"basic-active-shorts","status":"publish","type":"product","link":"https:\/\/grupotextil.es\/ca\/product\/basic-active-shorts\/","title":{"rendered":"Basic Active Shorts"},"content":{"rendered":"<p>Shorts t\u00e9cnicos Spun dyed con costuras laterales. Dos bolsillos delanteros y un bolsillo para monedas en el interior. Cord\u00f3n el\u00e1stico en cintura. Shorts unisex de f\u00e1cil re etiquetado.<\/p>\n<p><strong>Composici\u00f3n:<\/strong> 100% poli\u00e9ster spun dyed | <strong>Peso:<\/strong> 135 g\/m2 | <strong>Tallas:<\/strong> XS-4XL<\/p>","protected":false},"excerpt":{"rendered":"<p>Shorts t\u00e9cnicos Spun dyed con costuras laterales. Dos bolsillos delanteros y un bolsillo para monedas en el interior. Cord\u00f3n el\u00e1stico en cintura. Shorts unisex de f\u00e1cil re etiquetado.<\/p>","protected":false},"featured_media":233827,"comment_status":"open","ping_status":"closed","template":"","meta":{"_acf_changed":false},"product_brand":[10446],"product_cat":[15137,13983],"product_tag":[],"class_list":{"0":"post-223967","1":"product","2":"type-product","3":"status-publish","4":"has-post-thumbnail","6":"product_brand-clique","7":"product_cat-hombre-unisex-mujer","8":"product_cat-h-pantalones","9":"tm-no-options","11":"first","12":"instock","13":"taxable","14":"shipping-taxable","15":"product-type-variable"},"acf":[],"_links":{"self":[{"href":"https:\/\/grupotextil.es\/ca\/wp-json\/wp\/v2\/product\/223967","targetHints":{"allow":["GET"]}}],"collection":[{"href":"https:\/\/grupotextil.es\/ca\/wp-json\/wp\/v2\/product"}],"about":[{"href":"https:\/\/grupotextil.es\/ca\/wp-json\/wp\/v2\/types\/product"}],"replies":[{"embeddable":true,"href":"https:\/\/grupotextil.es\/ca\/wp-json\/wp\/v2\/comments?post=223967"}],"wp:featuredmedia":[{"embeddable":true,"href":"https:\/\/grupotextil.es\/ca\/wp-json\/wp\/v2\/media\/233827"}],"wp:attachment":[{"href":"https:\/\/grupotextil.es\/ca\/wp-json\/wp\/v2\/media?parent=223967"}],"wp:term":[{"taxonomy":"product_brand","embeddable":true,"href":"https:\/\/grupotextil.es\/ca\/wp-json\/wp\/v2\/product_brand?post=223967"},{"taxonomy":"product_cat","embeddable":true,"href":"https:\/\/grupotextil.es\/ca\/wp-json\/wp\/v2\/product_cat?post=223967"},{"taxonomy":"product_tag","embeddable":true,"href":"https:\/\/grupotextil.es\/ca\/wp-json\/wp\/v2\/product_tag?post=223967"}],"curies":[{"name":"wp","href":"https:\/\/api.w.org\/{rel}","templated":true}]}}