{"id":224044,"date":"2026-03-04T06:05:47","date_gmt":"2026-03-04T05:05:47","guid":{"rendered":"https:\/\/grupotextil.es\/producto\/basic-polo\/"},"modified":"2026-04-19T04:06:29","modified_gmt":"2026-04-19T02:06:29","slug":"basic-polo","status":"publish","type":"product","link":"https:\/\/grupotextil.es\/ca\/product\/basic-polo\/","title":{"rendered":"Basic Polo"},"content":{"rendered":"<p>Polo piqu\u00e9 de manga corta b\u00e1sico para uso diario. Aberturas laterales y tres botones a tono. Versi\u00f3n femenina con cuatro botones.<\/p>\n<p><strong>Composici\u00f3n:<\/strong> 100% algod\u00f3n (gris marengo [95] 85% algod\u00f3n, 15% viscosa. Antracita marengo [955] 60% algod\u00f3n, 40% poli\u00e9ster). | <strong>Peso:<\/strong> 190 g\/m2 | <strong>Tallas:<\/strong> XS-4XL<\/p>","protected":false},"excerpt":{"rendered":"<p>Polo piqu\u00e9 de manga corta b\u00e1sico para uso diario. Aberturas laterales y tres botones a tono. Versi\u00f3n femenina con cuatro botones.<\/p>","protected":false},"featured_media":233844,"comment_status":"open","ping_status":"closed","template":"","meta":{"_acf_changed":false},"product_brand":[10446],"product_cat":[13979],"product_tag":[],"class_list":{"0":"post-224044","1":"product","2":"type-product","3":"status-publish","4":"has-post-thumbnail","6":"product_brand-clique","7":"product_cat-h-polos","8":"tm-no-options","10":"first","11":"instock","12":"taxable","13":"shipping-taxable","14":"product-type-variable"},"acf":[],"_links":{"self":[{"href":"https:\/\/grupotextil.es\/ca\/wp-json\/wp\/v2\/product\/224044","targetHints":{"allow":["GET"]}}],"collection":[{"href":"https:\/\/grupotextil.es\/ca\/wp-json\/wp\/v2\/product"}],"about":[{"href":"https:\/\/grupotextil.es\/ca\/wp-json\/wp\/v2\/types\/product"}],"replies":[{"embeddable":true,"href":"https:\/\/grupotextil.es\/ca\/wp-json\/wp\/v2\/comments?post=224044"}],"wp:featuredmedia":[{"embeddable":true,"href":"https:\/\/grupotextil.es\/ca\/wp-json\/wp\/v2\/media\/233844"}],"wp:attachment":[{"href":"https:\/\/grupotextil.es\/ca\/wp-json\/wp\/v2\/media?parent=224044"}],"wp:term":[{"taxonomy":"product_brand","embeddable":true,"href":"https:\/\/grupotextil.es\/ca\/wp-json\/wp\/v2\/product_brand?post=224044"},{"taxonomy":"product_cat","embeddable":true,"href":"https:\/\/grupotextil.es\/ca\/wp-json\/wp\/v2\/product_cat?post=224044"},{"taxonomy":"product_tag","embeddable":true,"href":"https:\/\/grupotextil.es\/ca\/wp-json\/wp\/v2\/product_tag?post=224044"}],"curies":[{"name":"wp","href":"https:\/\/api.w.org\/{rel}","templated":true}]}}