{"id":224160,"date":"2026-03-04T06:06:31","date_gmt":"2026-03-04T05:06:31","guid":{"rendered":"https:\/\/grupotextil.es\/producto\/v150-engineered-m\/"},"modified":"2026-04-19T04:06:29","modified_gmt":"2026-04-19T02:06:29","slug":"v150-engineered-m","status":"publish","type":"product","link":"https:\/\/grupotextil.es\/ca\/product\/v150-engineered-m\/","title":{"rendered":"V150 Engineered M"},"content":{"rendered":"<p>Zapatilla de carrera de media distancia que ofrece una excelente flexibilidad y soporte, lo que la convierte en nuna excelente opci\u00f3n para intervaos de velocidad y carreras largas. V150 Engineered viene con una parte superior de malla dise\u00f1ada para una libertad de movimiento, comodidad y rendimiento \u00f3ptimo. V Energy Foam en el \u00e1rea de la entresuela eleva la zancada y brinda impulso adicional. El zapato se basa en el \u00faltimo dise\u00f1o que sigue los contornos naturales del pie y tiene flexibilidad en las \u00e1reas correctas para permitir que los m\u00fasculos del pie trabajen. Adem\u00e1s, V150 Engineered presenta estabilidad neutral para ofrecer el nivel adecuado ode control de movimiento para corredores con pronaci\u00f3n normal o un movimiento de pie neutral.<\/p>\n<p>\u2022 La parte superior de malla ligera asegura una gran transpirabilidad<\/p>\n<p>\u2022 \u00daltimo dise\u00f1o que sigue los contornos naturales del pie<\/p>\n<p>\u2022 Estabilidad neutra para un control de movimiento \u00f3ptimo para corredores con pronaci\u00f3n normal<\/p>\n<p>\u2022 Las zonas V-flex en la suela exterior aumentan la estabilidad y brindad una flexibilidad natural<\/p>\n<p>\u2022 La suela exterior de caucho Vibram ofrece un agarre superior en superficies mojadas y secas<\/p>\n<p>\u2022 Forma anat\u00f3mica<\/p>\n<p>\u2022 Ca\u00edda: 6mm<\/p>\n<p><strong>Composici\u00f3n:<\/strong> Malla superior: 60% Poli\u00e9ster, 40%Poliamida. Plantilla: EVA con malla. Forro: 100% Poli\u00e9ster. Suela: 100% Goma. Goma entresuela: 100% EVA. Plantilla: EVA con malla | <strong>Tallas:<\/strong> 6 (39,5)-15 (50,5)<\/p>","protected":false},"excerpt":{"rendered":"<p>Zapatilla de carrera de media distancia que ofrece una excelente flexibilidad y soporte, lo que la convierte en nuna excelente opci\u00f3n para intervaos de velocidad y carreras largas. V150 Engineered viene con una parte superior de malla dise\u00f1ada para u<\/p>","protected":false},"featured_media":233861,"comment_status":"open","ping_status":"closed","template":"","meta":{"_acf_changed":false},"product_brand":[10489],"product_cat":[15142,15143],"product_tag":[],"class_list":{"0":"post-224160","1":"product","2":"type-product","3":"status-publish","4":"has-post-thumbnail","6":"product_brand-craft","7":"product_cat-calzado","8":"product_cat-running","9":"tm-no-options","11":"first","12":"instock","13":"taxable","14":"shipping-taxable","15":"product-type-variable"},"acf":[],"_links":{"self":[{"href":"https:\/\/grupotextil.es\/ca\/wp-json\/wp\/v2\/product\/224160","targetHints":{"allow":["GET"]}}],"collection":[{"href":"https:\/\/grupotextil.es\/ca\/wp-json\/wp\/v2\/product"}],"about":[{"href":"https:\/\/grupotextil.es\/ca\/wp-json\/wp\/v2\/types\/product"}],"replies":[{"embeddable":true,"href":"https:\/\/grupotextil.es\/ca\/wp-json\/wp\/v2\/comments?post=224160"}],"wp:featuredmedia":[{"embeddable":true,"href":"https:\/\/grupotextil.es\/ca\/wp-json\/wp\/v2\/media\/233861"}],"wp:attachment":[{"href":"https:\/\/grupotextil.es\/ca\/wp-json\/wp\/v2\/media?parent=224160"}],"wp:term":[{"taxonomy":"product_brand","embeddable":true,"href":"https:\/\/grupotextil.es\/ca\/wp-json\/wp\/v2\/product_brand?post=224160"},{"taxonomy":"product_cat","embeddable":true,"href":"https:\/\/grupotextil.es\/ca\/wp-json\/wp\/v2\/product_cat?post=224160"},{"taxonomy":"product_tag","embeddable":true,"href":"https:\/\/grupotextil.es\/ca\/wp-json\/wp\/v2\/product_tag?post=224160"}],"curies":[{"name":"wp","href":"https:\/\/api.w.org\/{rel}","templated":true}]}}