{"id":224280,"date":"2026-03-04T06:07:08","date_gmt":"2026-03-04T05:07:08","guid":{"rendered":"https:\/\/grupotextil.es\/producto\/outlet-camiseta-roly-mujer-bali-6597\/"},"modified":"2026-03-04T06:16:06","modified_gmt":"2026-03-04T05:16:06","slug":"outlet-camiseta-roly-mujer-bali-6597","status":"publish","type":"product","link":"https:\/\/grupotextil.es\/ca\/product\/outlet-camiseta-roly-mujer-bali-6597\/","title":{"rendered":"*OUTLET* Camiseta Roly Mujer Bali 6597"},"content":{"rendered":"<p>Nos encanta \u00e9sta camiseta de manga corta para mujer dado la gran versatilidad que tiene, v\u00e1lida para practicar el deporte que m\u00e1s te guste y sentirte tan c\u00f3moda c\u00f3mo fresca, o para tener un look casual debajo de una elegante chaqueta que da \u00e9se toque impertinente o a solas para un estilo informal.<\/p>","protected":false},"excerpt":{"rendered":"<p>Nos encanta \u00e9sta camiseta de manga corta para mujer dado la gran versatilidad que tiene, v\u00e1lida para practicar el deporte que m\u00e1s te guste y sentirte tan c\u00f3moda c\u00f3mo fresca, o para tener un look casual debajo de una elegante chaqueta que da \u00e9se toque impertinente o a solas para un estilo informal.<\/p>","protected":false},"featured_media":224282,"comment_status":"open","ping_status":"closed","template":"","meta":{"_acf_changed":false},"product_brand":[14011],"product_cat":[13974,13975,13973],"product_tag":[],"class_list":{"0":"post-224280","1":"product","2":"type-product","3":"status-publish","4":"has-post-thumbnail","6":"product_brand-roly","7":"product_cat-ropa-hombre","8":"product_cat-ropa-mujer","9":"product_cat-ropa","10":"tm-no-options","12":"first","13":"instock","14":"taxable","15":"shipping-taxable","16":"product-type-variable"},"acf":[],"_links":{"self":[{"href":"https:\/\/grupotextil.es\/ca\/wp-json\/wp\/v2\/product\/224280","targetHints":{"allow":["GET"]}}],"collection":[{"href":"https:\/\/grupotextil.es\/ca\/wp-json\/wp\/v2\/product"}],"about":[{"href":"https:\/\/grupotextil.es\/ca\/wp-json\/wp\/v2\/types\/product"}],"replies":[{"embeddable":true,"href":"https:\/\/grupotextil.es\/ca\/wp-json\/wp\/v2\/comments?post=224280"}],"wp:featuredmedia":[{"embeddable":true,"href":"https:\/\/grupotextil.es\/ca\/wp-json\/wp\/v2\/media\/224282"}],"wp:attachment":[{"href":"https:\/\/grupotextil.es\/ca\/wp-json\/wp\/v2\/media?parent=224280"}],"wp:term":[{"taxonomy":"product_brand","embeddable":true,"href":"https:\/\/grupotextil.es\/ca\/wp-json\/wp\/v2\/product_brand?post=224280"},{"taxonomy":"product_cat","embeddable":true,"href":"https:\/\/grupotextil.es\/ca\/wp-json\/wp\/v2\/product_cat?post=224280"},{"taxonomy":"product_tag","embeddable":true,"href":"https:\/\/grupotextil.es\/ca\/wp-json\/wp\/v2\/product_tag?post=224280"}],"curies":[{"name":"wp","href":"https:\/\/api.w.org\/{rel}","templated":true}]}}