{"id":224295,"date":"2026-03-04T06:07:15","date_gmt":"2026-03-04T05:07:15","guid":{"rendered":"https:\/\/grupotextil.es\/producto\/basic-active-shorts-junior\/"},"modified":"2026-04-19T04:06:29","modified_gmt":"2026-04-19T02:06:29","slug":"basic-active-shorts-junior","status":"publish","type":"product","link":"https:\/\/grupotextil.es\/ca\/product\/basic-active-shorts-junior\/","title":{"rendered":"Basic Active Shorts Junior"},"content":{"rendered":"<p>Pantalones cortos t\u00e9cnicos junior hechos con tejido de punto interlock y costuras laterales. Dos bolsillos delanteros. El\u00e1stico y cord\u00f3n en cintura. Etiqueta f\u00e1cil de quitar.<\/p>\n<p><strong>Composici\u00f3n:<\/strong> 100% Poli\u00e9ster | <strong>Peso:<\/strong> 135 g\/m2 | <strong>Tallas:<\/strong> 120 (6-8 A\u00f1os)-160 (12-14 A\u00f1os)<\/p>","protected":false},"excerpt":{"rendered":"<p>Pantalones cortos t\u00e9cnicos junior hechos con tejido de punto interlock y costuras laterales. Dos bolsillos delanteros. El\u00e1stico y cord\u00f3n en cintura. Etiqueta f\u00e1cil de quitar.<\/p>","protected":false},"featured_media":233889,"comment_status":"open","ping_status":"closed","template":"","meta":{"_acf_changed":false},"product_brand":[10446],"product_cat":[13983],"product_tag":[],"class_list":{"0":"post-224295","1":"product","2":"type-product","3":"status-publish","4":"has-post-thumbnail","6":"product_brand-clique","7":"product_cat-h-pantalones","8":"tm-no-options","10":"first","11":"instock","12":"taxable","13":"shipping-taxable","14":"product-type-variable"},"acf":[],"_links":{"self":[{"href":"https:\/\/grupotextil.es\/ca\/wp-json\/wp\/v2\/product\/224295","targetHints":{"allow":["GET"]}}],"collection":[{"href":"https:\/\/grupotextil.es\/ca\/wp-json\/wp\/v2\/product"}],"about":[{"href":"https:\/\/grupotextil.es\/ca\/wp-json\/wp\/v2\/types\/product"}],"replies":[{"embeddable":true,"href":"https:\/\/grupotextil.es\/ca\/wp-json\/wp\/v2\/comments?post=224295"}],"wp:featuredmedia":[{"embeddable":true,"href":"https:\/\/grupotextil.es\/ca\/wp-json\/wp\/v2\/media\/233889"}],"wp:attachment":[{"href":"https:\/\/grupotextil.es\/ca\/wp-json\/wp\/v2\/media?parent=224295"}],"wp:term":[{"taxonomy":"product_brand","embeddable":true,"href":"https:\/\/grupotextil.es\/ca\/wp-json\/wp\/v2\/product_brand?post=224295"},{"taxonomy":"product_cat","embeddable":true,"href":"https:\/\/grupotextil.es\/ca\/wp-json\/wp\/v2\/product_cat?post=224295"},{"taxonomy":"product_tag","embeddable":true,"href":"https:\/\/grupotextil.es\/ca\/wp-json\/wp\/v2\/product_tag?post=224295"}],"curies":[{"name":"wp","href":"https:\/\/api.w.org\/{rel}","templated":true}]}}