{"id":224466,"date":"2026-03-04T06:08:06","date_gmt":"2026-03-04T05:08:06","guid":{"rendered":"https:\/\/grupotextil.es\/producto\/um-jogger-pants-ocs-rcs-unisex\/"},"modified":"2026-04-19T04:06:30","modified_gmt":"2026-04-19T02:06:30","slug":"um-jogger-pants-ocs-rcs-unisex","status":"publish","type":"product","link":"https:\/\/grupotextil.es\/ca\/product\/um-jogger-pants-ocs-rcs-unisex\/","title":{"rendered":"UM Jogger Pants (OCS-RCS) \nUnisex"},"content":{"rendered":"<p>Dise\u00f1ados para ofrecer comodidad, estos pantalones de ch\u00e1ndal unisex tienen un corte holgado y est\u00e1n confeccionados con una suave mezcla de algod\u00f3n org\u00e1nico y poli\u00e9ster reciclado. Incluyen una cintura con cord\u00f3n ajustable, pu\u00f1os y cintura acanalados y pr\u00e1cticos bolsillos laterales.<\/p>\n<ul>\n<li>Dise\u00f1ados cuidadosamente seg\u00fan los principios de ECODESIGN para facilitar su reciclaje al final de su vida \u00fatil.<\/li>\n<li>La prenda est\u00e1 cosida con hilo EcoVerde, fabricado con poli\u00e9ster 100 % reciclado.<\/li>\n<li>El tejido es algod\u00f3n de cultivo ecol\u00f3gico con certificaci\u00f3n OCS y poli\u00e9ster reciclado con certificaci\u00f3n RCS.<\/li>\n<li>Certificado OEKO-TEX\u00ae MADE IN GREEN, lo que garantiza la seguridad, la transparencia y la producci\u00f3n responsable. (OEKO-TEX STANDARD 100 + OEKO-TEX STeP)<\/li>\n<li>Aprobado por PETA como vegano, lo que demuestra que no se han utilizado materiales de origen animal.<\/li>\n<li>Escanea el c\u00f3digo QR que se encuentra dentro de la prenda o en la p\u00e1gina web para desbloquear el PASAPORTE DIGITAL DEL PRODUCTO.<\/li>\n<\/ul>\n<p><strong>Composici\u00f3n:<\/strong> Tejido exterior<\/p>\n<p>80% algod\u00f3n org\u00e1nico certificado por OCS<br \/>\n20% poli\u00e9ster reciclado certificado por RCS<br \/>\nCertificado por CERES-1725 | <strong>Peso:<\/strong> 350 g\/m\u00b2 | <strong>Tallas:<\/strong> XXS-3XL<\/p>","protected":false},"excerpt":{"rendered":"<p>Dise\u00f1ados para ofrecer comodidad, estos pantalones de ch\u00e1ndal unisex tienen un corte holgado y est\u00e1n confeccionados con una suave mezcla de algod\u00f3n org\u00e1nico y poli\u00e9ster reciclado. Incluyen una cintura con cord\u00f3n ajustable, pu\u00f1os y cintura acanalados<\/p>","protected":false},"featured_media":233923,"comment_status":"open","ping_status":"closed","template":"","meta":{"_acf_changed":false},"product_brand":[10501],"product_cat":[13980],"product_tag":[],"class_list":{"0":"post-224466","1":"product","2":"type-product","3":"status-publish","4":"has-post-thumbnail","6":"product_brand-untagged-movement","7":"product_cat-h-sudaderas","8":"tm-no-options","10":"first","11":"instock","12":"taxable","13":"shipping-taxable","14":"product-type-variable"},"acf":[],"_links":{"self":[{"href":"https:\/\/grupotextil.es\/ca\/wp-json\/wp\/v2\/product\/224466","targetHints":{"allow":["GET"]}}],"collection":[{"href":"https:\/\/grupotextil.es\/ca\/wp-json\/wp\/v2\/product"}],"about":[{"href":"https:\/\/grupotextil.es\/ca\/wp-json\/wp\/v2\/types\/product"}],"replies":[{"embeddable":true,"href":"https:\/\/grupotextil.es\/ca\/wp-json\/wp\/v2\/comments?post=224466"}],"wp:featuredmedia":[{"embeddable":true,"href":"https:\/\/grupotextil.es\/ca\/wp-json\/wp\/v2\/media\/233923"}],"wp:attachment":[{"href":"https:\/\/grupotextil.es\/ca\/wp-json\/wp\/v2\/media?parent=224466"}],"wp:term":[{"taxonomy":"product_brand","embeddable":true,"href":"https:\/\/grupotextil.es\/ca\/wp-json\/wp\/v2\/product_brand?post=224466"},{"taxonomy":"product_cat","embeddable":true,"href":"https:\/\/grupotextil.es\/ca\/wp-json\/wp\/v2\/product_cat?post=224466"},{"taxonomy":"product_tag","embeddable":true,"href":"https:\/\/grupotextil.es\/ca\/wp-json\/wp\/v2\/product_tag?post=224466"}],"curies":[{"name":"wp","href":"https:\/\/api.w.org\/{rel}","templated":true}]}}