{"id":224555,"date":"2026-03-04T06:08:33","date_gmt":"2026-03-04T05:08:33","guid":{"rendered":"https:\/\/grupotextil.es\/producto\/outlet-polo-roly-nino-colegial-6628\/"},"modified":"2026-03-04T06:16:06","modified_gmt":"2026-03-04T05:16:06","slug":"outlet-polo-roly-nino-colegial-6628","status":"publish","type":"product","link":"https:\/\/grupotextil.es\/ca\/product\/outlet-polo-roly-nino-colegial-6628\/","title":{"rendered":"*OUTLET* Polo Roly Ni\u00f1o Colegial 6628"},"content":{"rendered":"<p>Este polo de ni\u00f1o con manga corta de estilo colegial es perfecto para todas las ocasiones. La peculiaridad de \u00e9ste polo de manga corta para ni\u00f1o hace que sea ideal para un encuentro deportivo, la elegancia y la clase ir\u00e1n all\u00e1 donde tu hijo vaya con \u00e9ste polo de ni\u00f1o de manga corta.<\/p>","protected":false},"excerpt":{"rendered":"<p>Este polo de ni\u00f1o con manga corta de estilo colegial es perfecto para todas las ocasiones. La peculiaridad de \u00e9ste polo de manga corta para ni\u00f1o hace que sea ideal para un encuentro deportivo, la elegancia y la clase ir\u00e1n all\u00e1 donde tu hijo vaya con \u00e9ste polo de ni\u00f1o de manga corta.<\/p>","protected":false},"featured_media":224556,"comment_status":"open","ping_status":"closed","template":"","meta":{"_acf_changed":false},"product_brand":[14011],"product_cat":[13974,13975,13976,13973],"product_tag":[],"class_list":{"0":"post-224555","1":"product","2":"type-product","3":"status-publish","4":"has-post-thumbnail","6":"product_brand-roly","7":"product_cat-ropa-hombre","8":"product_cat-ropa-mujer","9":"product_cat-ropa-nino","10":"product_cat-ropa","11":"tm-no-options","13":"first","14":"instock","15":"taxable","16":"shipping-taxable","17":"product-type-variable"},"acf":[],"_links":{"self":[{"href":"https:\/\/grupotextil.es\/ca\/wp-json\/wp\/v2\/product\/224555","targetHints":{"allow":["GET"]}}],"collection":[{"href":"https:\/\/grupotextil.es\/ca\/wp-json\/wp\/v2\/product"}],"about":[{"href":"https:\/\/grupotextil.es\/ca\/wp-json\/wp\/v2\/types\/product"}],"replies":[{"embeddable":true,"href":"https:\/\/grupotextil.es\/ca\/wp-json\/wp\/v2\/comments?post=224555"}],"wp:featuredmedia":[{"embeddable":true,"href":"https:\/\/grupotextil.es\/ca\/wp-json\/wp\/v2\/media\/224556"}],"wp:attachment":[{"href":"https:\/\/grupotextil.es\/ca\/wp-json\/wp\/v2\/media?parent=224555"}],"wp:term":[{"taxonomy":"product_brand","embeddable":true,"href":"https:\/\/grupotextil.es\/ca\/wp-json\/wp\/v2\/product_brand?post=224555"},{"taxonomy":"product_cat","embeddable":true,"href":"https:\/\/grupotextil.es\/ca\/wp-json\/wp\/v2\/product_cat?post=224555"},{"taxonomy":"product_tag","embeddable":true,"href":"https:\/\/grupotextil.es\/ca\/wp-json\/wp\/v2\/product_tag?post=224555"}],"curies":[{"name":"wp","href":"https:\/\/api.w.org\/{rel}","templated":true}]}}