{"id":224566,"date":"2026-03-04T06:08:37","date_gmt":"2026-03-04T05:08:37","guid":{"rendered":"https:\/\/grupotextil.es\/producto\/cargo-shorts\/"},"modified":"2026-04-19T04:06:30","modified_gmt":"2026-04-19T02:06:30","slug":"cargo-shorts","status":"publish","type":"product","link":"https:\/\/grupotextil.es\/ca\/product\/cargo-shorts\/","title":{"rendered":"Cargo Shorts"},"content":{"rendered":"<p>Cargo Shorts unisex de corte regular confeccionados en sarga 100 % algod\u00f3n org\u00e1nico. Cuentan con cremallera YKK y bot\u00f3n con acabado antiguo. Dos bolsillos cargo laterales con solapa y velcro, dos bolsillos laterales tradicionales y dos bolsillos traseros con solapa y velcro. Cintura parcialmente el\u00e1stica y etiqueta f\u00e1cilmente extra\u00edble para cambiar la marca.<\/p>\n<p><strong>Composici\u00f3n:<\/strong> 100% Algod\u00f3n Org\u00e1nico Twill | <strong>Peso:<\/strong> 200 g\/m2 | <strong>Tallas:<\/strong> XS-3XL<\/p>","protected":false},"excerpt":{"rendered":"<p>Cargo Shorts unisex de corte regular confeccionados en sarga 100 % algod\u00f3n org\u00e1nico. Cuentan con cremallera YKK y bot\u00f3n con acabado antiguo. Dos bolsillos cargo laterales con solapa y velcro, dos bolsillos laterales tradicionales y dos bolsillos tras<\/p>","protected":false},"featured_media":233942,"comment_status":"open","ping_status":"closed","template":"","meta":{"_acf_changed":false},"product_brand":[10446],"product_cat":[15137,13983],"product_tag":[],"class_list":{"0":"post-224566","1":"product","2":"type-product","3":"status-publish","4":"has-post-thumbnail","6":"product_brand-clique","7":"product_cat-hombre-unisex-mujer","8":"product_cat-h-pantalones","9":"tm-no-options","11":"first","12":"instock","13":"taxable","14":"shipping-taxable","15":"product-type-variable"},"acf":[],"_links":{"self":[{"href":"https:\/\/grupotextil.es\/ca\/wp-json\/wp\/v2\/product\/224566","targetHints":{"allow":["GET"]}}],"collection":[{"href":"https:\/\/grupotextil.es\/ca\/wp-json\/wp\/v2\/product"}],"about":[{"href":"https:\/\/grupotextil.es\/ca\/wp-json\/wp\/v2\/types\/product"}],"replies":[{"embeddable":true,"href":"https:\/\/grupotextil.es\/ca\/wp-json\/wp\/v2\/comments?post=224566"}],"wp:featuredmedia":[{"embeddable":true,"href":"https:\/\/grupotextil.es\/ca\/wp-json\/wp\/v2\/media\/233942"}],"wp:attachment":[{"href":"https:\/\/grupotextil.es\/ca\/wp-json\/wp\/v2\/media?parent=224566"}],"wp:term":[{"taxonomy":"product_brand","embeddable":true,"href":"https:\/\/grupotextil.es\/ca\/wp-json\/wp\/v2\/product_brand?post=224566"},{"taxonomy":"product_cat","embeddable":true,"href":"https:\/\/grupotextil.es\/ca\/wp-json\/wp\/v2\/product_cat?post=224566"},{"taxonomy":"product_tag","embeddable":true,"href":"https:\/\/grupotextil.es\/ca\/wp-json\/wp\/v2\/product_tag?post=224566"}],"curies":[{"name":"wp","href":"https:\/\/api.w.org\/{rel}","templated":true}]}}