{"id":224616,"date":"2026-03-04T06:09:00","date_gmt":"2026-03-04T05:09:00","guid":{"rendered":"https:\/\/grupotextil.es\/producto\/outlet-chandal-roly-acropolis-0314-nino\/"},"modified":"2026-03-04T06:16:06","modified_gmt":"2026-03-04T05:16:06","slug":"outlet-chandal-roly-acropolis-0314-nino","status":"publish","type":"product","link":"https:\/\/grupotextil.es\/ca\/product\/outlet-chandal-roly-acropolis-0314-nino\/","title":{"rendered":"*OUTLET* Ch\u00e1ndal Roly Acropolis 0314 Ni\u00f1o"},"content":{"rendered":"<p>Ch\u00e1ndal combinado de chaqueta y pantal\u00f3n. Chaqueta con manga rangl\u00e1n, dos bolsillos laterales, canal\u00e9 en cuello, pu\u00f1os y cintura. Pantal\u00f3n liso de corte recto, dos bolsillos laterales y cinturilla con goma y cord\u00f3n ajustable.<\/p>","protected":false},"excerpt":{"rendered":"<p>Ch\u00e1ndal combinado de chaqueta y pantal\u00f3n. Chaqueta con manga rangl\u00e1n, dos bolsillos laterales, canal\u00e9 en cuello, pu\u00f1os y cintura. Pantal\u00f3n liso de corte recto, dos bolsillos laterales y cinturilla con goma y cord\u00f3n ajustable.<\/p>","protected":false},"featured_media":224617,"comment_status":"open","ping_status":"closed","template":"","meta":{"_acf_changed":false},"product_brand":[14011],"product_cat":[13976,13973],"product_tag":[],"class_list":{"0":"post-224616","1":"product","2":"type-product","3":"status-publish","4":"has-post-thumbnail","6":"product_brand-roly","7":"product_cat-ropa-nino","8":"product_cat-ropa","9":"tm-no-options","11":"first","12":"instock","13":"taxable","14":"shipping-taxable","15":"product-type-variable"},"acf":[],"_links":{"self":[{"href":"https:\/\/grupotextil.es\/ca\/wp-json\/wp\/v2\/product\/224616","targetHints":{"allow":["GET"]}}],"collection":[{"href":"https:\/\/grupotextil.es\/ca\/wp-json\/wp\/v2\/product"}],"about":[{"href":"https:\/\/grupotextil.es\/ca\/wp-json\/wp\/v2\/types\/product"}],"replies":[{"embeddable":true,"href":"https:\/\/grupotextil.es\/ca\/wp-json\/wp\/v2\/comments?post=224616"}],"wp:featuredmedia":[{"embeddable":true,"href":"https:\/\/grupotextil.es\/ca\/wp-json\/wp\/v2\/media\/224617"}],"wp:attachment":[{"href":"https:\/\/grupotextil.es\/ca\/wp-json\/wp\/v2\/media?parent=224616"}],"wp:term":[{"taxonomy":"product_brand","embeddable":true,"href":"https:\/\/grupotextil.es\/ca\/wp-json\/wp\/v2\/product_brand?post=224616"},{"taxonomy":"product_cat","embeddable":true,"href":"https:\/\/grupotextil.es\/ca\/wp-json\/wp\/v2\/product_cat?post=224616"},{"taxonomy":"product_tag","embeddable":true,"href":"https:\/\/grupotextil.es\/ca\/wp-json\/wp\/v2\/product_tag?post=224616"}],"curies":[{"name":"wp","href":"https:\/\/api.w.org\/{rel}","templated":true}]}}