{"id":224810,"date":"2026-03-04T06:10:31","date_gmt":"2026-03-04T05:10:31","guid":{"rendered":"https:\/\/grupotextil.es\/producto\/classic-softshell-hoody-women\/"},"modified":"2026-04-19T04:06:30","modified_gmt":"2026-04-19T02:06:30","slug":"classic-softshell-hoody-women","status":"publish","type":"product","link":"https:\/\/grupotextil.es\/ca\/product\/classic-softshell-hoody-women\/","title":{"rendered":"Classic Softshell Hoody Women"},"content":{"rendered":"<p>Chaqueta softhell de poli\u00e9ster reciclado. Capucha desmontable. Tejido de triple capa el\u00e1stico. Tres bolsillos exteriores con cremallera. Dos grandes bolsillos interiores. Pu\u00f1os ajustables con velcro. Cintura el\u00e1stica. WP 6000 \/ MVP 1000<\/p>\n<p><strong>Composici\u00f3n:<\/strong> 96% Poli\u00e9ster reciclado, 4% Spandex WP6000 | <strong>Peso:<\/strong> 280 g\/m2 | <strong>Tallas:<\/strong> XS-XXL (580, 99: XS-3XL)<\/p>","protected":false},"excerpt":{"rendered":"<p>Chaqueta softhell de poli\u00e9ster reciclado. Capucha desmontable. Tejido de triple capa el\u00e1stico. Tres bolsillos exteriores con cremallera. Dos grandes bolsillos interiores. Pu\u00f1os ajustables con velcro. Cintura el\u00e1stica. WP 6000 \/ MVP 1000<\/p>","protected":false},"featured_media":233988,"comment_status":"open","ping_status":"closed","template":"","meta":{"_acf_changed":false},"product_brand":[10446],"product_cat":[13998],"product_tag":[],"class_list":{"0":"post-224810","1":"product","2":"type-product","3":"status-publish","4":"has-post-thumbnail","6":"product_brand-clique","7":"product_cat-n-chaquetas","8":"tm-no-options","10":"first","11":"instock","12":"taxable","13":"shipping-taxable","14":"product-type-variable"},"acf":[],"_links":{"self":[{"href":"https:\/\/grupotextil.es\/ca\/wp-json\/wp\/v2\/product\/224810","targetHints":{"allow":["GET"]}}],"collection":[{"href":"https:\/\/grupotextil.es\/ca\/wp-json\/wp\/v2\/product"}],"about":[{"href":"https:\/\/grupotextil.es\/ca\/wp-json\/wp\/v2\/types\/product"}],"replies":[{"embeddable":true,"href":"https:\/\/grupotextil.es\/ca\/wp-json\/wp\/v2\/comments?post=224810"}],"wp:featuredmedia":[{"embeddable":true,"href":"https:\/\/grupotextil.es\/ca\/wp-json\/wp\/v2\/media\/233988"}],"wp:attachment":[{"href":"https:\/\/grupotextil.es\/ca\/wp-json\/wp\/v2\/media?parent=224810"}],"wp:term":[{"taxonomy":"product_brand","embeddable":true,"href":"https:\/\/grupotextil.es\/ca\/wp-json\/wp\/v2\/product_brand?post=224810"},{"taxonomy":"product_cat","embeddable":true,"href":"https:\/\/grupotextil.es\/ca\/wp-json\/wp\/v2\/product_cat?post=224810"},{"taxonomy":"product_tag","embeddable":true,"href":"https:\/\/grupotextil.es\/ca\/wp-json\/wp\/v2\/product_tag?post=224810"}],"curies":[{"name":"wp","href":"https:\/\/api.w.org\/{rel}","templated":true}]}}