{"id":224822,"date":"2026-03-04T06:10:35","date_gmt":"2026-03-04T05:10:35","guid":{"rendered":"https:\/\/grupotextil.es\/producto\/miami-hoody\/"},"modified":"2026-04-19T04:06:30","modified_gmt":"2026-04-19T02:06:30","slug":"miami-hoody","status":"publish","type":"product","link":"https:\/\/grupotextil.es\/ca\/product\/miami-hoody\/","title":{"rendered":"Miami Hoody"},"content":{"rendered":"<p>Sudadera con capucha unisex en mezcla de algod\u00f3n y poli\u00e9ster reciclado. Incorpora tejido principal en la capucha y cord\u00f3n de ajuste. Gran bolsillo canguro en la parte delantera. Canal\u00e9 el\u00e1stico 2 x 2 con doble costura en pu\u00f1os y cintura. Sarga en cuello, de f\u00e1cil reetiquetado. Suave tejido estabilizado apto para lavados intensivos con acabado antipilling.<\/p>\n<p><strong>Composici\u00f3n:<\/strong> 80% Algod\u00f3n \/ 20% Poli\u00e9ster reciclado | <strong>Peso:<\/strong> 260 g\/m2 | <strong>Tallas:<\/strong> XS-4XL<\/p>","protected":false},"excerpt":{"rendered":"<p>Sudadera con capucha unisex en mezcla de algod\u00f3n y poli\u00e9ster reciclado. Incorpora tejido principal en la capucha y cord\u00f3n de ajuste. Gran bolsillo canguro en la parte delantera. Canal\u00e9 el\u00e1stico 2 x 2 con doble costura en pu\u00f1os y cintura. Sarga en cue<\/p>","protected":false},"featured_media":233992,"comment_status":"open","ping_status":"closed","template":"","meta":{"_acf_changed":false},"product_brand":[10446],"product_cat":[15137,13980],"product_tag":[],"class_list":{"0":"post-224822","1":"product","2":"type-product","3":"status-publish","4":"has-post-thumbnail","6":"product_brand-clique","7":"product_cat-hombre-unisex-mujer","8":"product_cat-h-sudaderas","9":"tm-no-options","11":"first","12":"instock","13":"taxable","14":"shipping-taxable","15":"product-type-variable"},"acf":[],"_links":{"self":[{"href":"https:\/\/grupotextil.es\/ca\/wp-json\/wp\/v2\/product\/224822","targetHints":{"allow":["GET"]}}],"collection":[{"href":"https:\/\/grupotextil.es\/ca\/wp-json\/wp\/v2\/product"}],"about":[{"href":"https:\/\/grupotextil.es\/ca\/wp-json\/wp\/v2\/types\/product"}],"replies":[{"embeddable":true,"href":"https:\/\/grupotextil.es\/ca\/wp-json\/wp\/v2\/comments?post=224822"}],"wp:featuredmedia":[{"embeddable":true,"href":"https:\/\/grupotextil.es\/ca\/wp-json\/wp\/v2\/media\/233992"}],"wp:attachment":[{"href":"https:\/\/grupotextil.es\/ca\/wp-json\/wp\/v2\/media?parent=224822"}],"wp:term":[{"taxonomy":"product_brand","embeddable":true,"href":"https:\/\/grupotextil.es\/ca\/wp-json\/wp\/v2\/product_brand?post=224822"},{"taxonomy":"product_cat","embeddable":true,"href":"https:\/\/grupotextil.es\/ca\/wp-json\/wp\/v2\/product_cat?post=224822"},{"taxonomy":"product_tag","embeddable":true,"href":"https:\/\/grupotextil.es\/ca\/wp-json\/wp\/v2\/product_tag?post=224822"}],"curies":[{"name":"wp","href":"https:\/\/api.w.org\/{rel}","templated":true}]}}