{"id":224875,"date":"2026-03-04T06:10:55","date_gmt":"2026-03-04T05:10:55","guid":{"rendered":"https:\/\/grupotextil.es\/producto\/miami-pro-shorts\/"},"modified":"2026-04-19T04:06:30","modified_gmt":"2026-04-19T02:06:30","slug":"miami-pro-shorts","status":"publish","type":"product","link":"https:\/\/grupotextil.es\/ca\/product\/miami-pro-shorts\/","title":{"rendered":"Miami PRO Shorts"},"content":{"rendered":"<p>Shorts unisex confeccionados con una mezcla de algod\u00f3n y poli\u00e9ster reciclado. Cuentan con dos bolsillos delanteros y un bolsillo oculto con cremallera en la costura lateral. Interior de French Terry, cintura el\u00e1stica 2&#215;2 con doble costura. Incluyen cord\u00f3n en la cintura y etiqueta f\u00e1cilmente extra\u00edble para personalizar la marca. El tejido suave y estabilizado est\u00e1 dise\u00f1ado para lavados intensivos y cuenta con propiedades anti-pilling.<\/p>\n<p><strong>Composici\u00f3n:<\/strong> 80 % Algod\u00f3n \/ 20 % Poli\u00e9ster reciclado | <strong>Peso:<\/strong> 280 g\/m2 | <strong>Tallas:<\/strong> XS-4XL<\/p>","protected":false},"excerpt":{"rendered":"<p>Shorts unisex confeccionados con una mezcla de algod\u00f3n y poli\u00e9ster reciclado. Cuentan con dos bolsillos delanteros y un bolsillo oculto con cremallera en la costura lateral. Interior de French Terry, cintura el\u00e1stica 2&#215;2 con doble costura. Incluyen c<\/p>","protected":false},"featured_media":234001,"comment_status":"open","ping_status":"closed","template":"","meta":{"_acf_changed":false},"product_brand":[10446],"product_cat":[15137,13983],"product_tag":[],"class_list":{"0":"post-224875","1":"product","2":"type-product","3":"status-publish","4":"has-post-thumbnail","6":"product_brand-clique","7":"product_cat-hombre-unisex-mujer","8":"product_cat-h-pantalones","9":"tm-no-options","11":"first","12":"instock","13":"taxable","14":"shipping-taxable","15":"product-type-variable"},"acf":[],"_links":{"self":[{"href":"https:\/\/grupotextil.es\/ca\/wp-json\/wp\/v2\/product\/224875","targetHints":{"allow":["GET"]}}],"collection":[{"href":"https:\/\/grupotextil.es\/ca\/wp-json\/wp\/v2\/product"}],"about":[{"href":"https:\/\/grupotextil.es\/ca\/wp-json\/wp\/v2\/types\/product"}],"replies":[{"embeddable":true,"href":"https:\/\/grupotextil.es\/ca\/wp-json\/wp\/v2\/comments?post=224875"}],"wp:featuredmedia":[{"embeddable":true,"href":"https:\/\/grupotextil.es\/ca\/wp-json\/wp\/v2\/media\/234001"}],"wp:attachment":[{"href":"https:\/\/grupotextil.es\/ca\/wp-json\/wp\/v2\/media?parent=224875"}],"wp:term":[{"taxonomy":"product_brand","embeddable":true,"href":"https:\/\/grupotextil.es\/ca\/wp-json\/wp\/v2\/product_brand?post=224875"},{"taxonomy":"product_cat","embeddable":true,"href":"https:\/\/grupotextil.es\/ca\/wp-json\/wp\/v2\/product_cat?post=224875"},{"taxonomy":"product_tag","embeddable":true,"href":"https:\/\/grupotextil.es\/ca\/wp-json\/wp\/v2\/product_tag?post=224875"}],"curies":[{"name":"wp","href":"https:\/\/api.w.org\/{rel}","templated":true}]}}