{"id":225060,"date":"2026-03-04T06:11:51","date_gmt":"2026-03-04T05:11:51","guid":{"rendered":"https:\/\/grupotextil.es\/producto\/miami-hoody-junior\/"},"modified":"2026-04-19T04:06:31","modified_gmt":"2026-04-19T02:06:31","slug":"miami-hoody-junior","status":"publish","type":"product","link":"https:\/\/grupotextil.es\/ca\/product\/miami-hoody-junior\/","title":{"rendered":"Miami Hoody Junior"},"content":{"rendered":"<p>Sudadera con capucha para ni\u00f1os confeccionada en una mezcla de algod\u00f3n y poli\u00e9ster reciclado. Capucha forrada con el tejido principal y interior afelpado. Gran bolsillo canguro delantero. Pu\u00f1os y bajo acanalados 2&#215;2 con doble costura. Cinta reforzada en el cuello y etiqueta f\u00e1cilmente extra\u00edble. Tejido suave y estabilizado apto para lavados intensivos con acabado antipilling.<\/p>\n<p><strong>Composici\u00f3n:<\/strong> 80% Algod\u00f3n \/ 20% Poli\u00e9ster reciclado | <strong>Peso:<\/strong> 260 g\/m2 | <strong>Tallas:<\/strong> 100 (3-5 A\u00f1os)-160 (12-14 A\u00f1os)<\/p>","protected":false},"excerpt":{"rendered":"<p>Sudadera con capucha para ni\u00f1os confeccionada en una mezcla de algod\u00f3n y poli\u00e9ster reciclado. Capucha forrada con el tejido principal y interior afelpado. Gran bolsillo canguro delantero. Pu\u00f1os y bajo acanalados 2&#215;2 con doble costura. Cinta reforzada<\/p>","protected":false},"featured_media":234048,"comment_status":"open","ping_status":"closed","template":"","meta":{"_acf_changed":false},"product_brand":[10446],"product_cat":[13980],"product_tag":[],"class_list":{"0":"post-225060","1":"product","2":"type-product","3":"status-publish","4":"has-post-thumbnail","6":"product_brand-clique","7":"product_cat-h-sudaderas","8":"tm-no-options","10":"first","11":"instock","12":"taxable","13":"shipping-taxable","14":"product-type-variable"},"acf":[],"_links":{"self":[{"href":"https:\/\/grupotextil.es\/ca\/wp-json\/wp\/v2\/product\/225060","targetHints":{"allow":["GET"]}}],"collection":[{"href":"https:\/\/grupotextil.es\/ca\/wp-json\/wp\/v2\/product"}],"about":[{"href":"https:\/\/grupotextil.es\/ca\/wp-json\/wp\/v2\/types\/product"}],"replies":[{"embeddable":true,"href":"https:\/\/grupotextil.es\/ca\/wp-json\/wp\/v2\/comments?post=225060"}],"wp:featuredmedia":[{"embeddable":true,"href":"https:\/\/grupotextil.es\/ca\/wp-json\/wp\/v2\/media\/234048"}],"wp:attachment":[{"href":"https:\/\/grupotextil.es\/ca\/wp-json\/wp\/v2\/media?parent=225060"}],"wp:term":[{"taxonomy":"product_brand","embeddable":true,"href":"https:\/\/grupotextil.es\/ca\/wp-json\/wp\/v2\/product_brand?post=225060"},{"taxonomy":"product_cat","embeddable":true,"href":"https:\/\/grupotextil.es\/ca\/wp-json\/wp\/v2\/product_cat?post=225060"},{"taxonomy":"product_tag","embeddable":true,"href":"https:\/\/grupotextil.es\/ca\/wp-json\/wp\/v2\/product_tag?post=225060"}],"curies":[{"name":"wp","href":"https:\/\/api.w.org\/{rel}","templated":true}]}}