{"id":225061,"date":"2026-03-04T06:11:51","date_gmt":"2026-03-04T05:11:51","guid":{"rendered":"https:\/\/grupotextil.es\/producto\/outlet-camiseta-roly-unisex-ulises-0499\/"},"modified":"2026-03-04T06:16:07","modified_gmt":"2026-03-04T05:16:07","slug":"outlet-camiseta-roly-unisex-ulises-0499","status":"publish","type":"product","link":"https:\/\/grupotextil.es\/ca\/product\/outlet-camiseta-roly-unisex-ulises-0499\/","title":{"rendered":"*OUTLET* Camiseta Roly Unisex Ulises 0499"},"content":{"rendered":"<p>Una camiseta t\u00e9cnica deportiva dise\u00f1ada para practicar deporte. Tejido t\u00e9cnico el\u00e1stico de f\u00e1cil lavado. Franja frontal y espalda especial punto transpirable. Terminaci\u00f3n el\u00e1stico reforzado.<\/p>","protected":false},"excerpt":{"rendered":"<p>Una camiseta t\u00e9cnica deportiva dise\u00f1ada para practicar deporte. Tejido t\u00e9cnico el\u00e1stico de f\u00e1cil lavado. Franja frontal y espalda especial punto transpirable. Terminaci\u00f3n el\u00e1stico reforzado.<\/p>","protected":false},"featured_media":225063,"comment_status":"open","ping_status":"closed","template":"","meta":{"_acf_changed":false},"product_brand":[14011],"product_cat":[13974,13975,13973],"product_tag":[],"class_list":{"0":"post-225061","1":"product","2":"type-product","3":"status-publish","4":"has-post-thumbnail","6":"product_brand-roly","7":"product_cat-ropa-hombre","8":"product_cat-ropa-mujer","9":"product_cat-ropa","10":"tm-no-options","12":"first","13":"instock","14":"taxable","15":"shipping-taxable","16":"product-type-variable"},"acf":[],"_links":{"self":[{"href":"https:\/\/grupotextil.es\/ca\/wp-json\/wp\/v2\/product\/225061","targetHints":{"allow":["GET"]}}],"collection":[{"href":"https:\/\/grupotextil.es\/ca\/wp-json\/wp\/v2\/product"}],"about":[{"href":"https:\/\/grupotextil.es\/ca\/wp-json\/wp\/v2\/types\/product"}],"replies":[{"embeddable":true,"href":"https:\/\/grupotextil.es\/ca\/wp-json\/wp\/v2\/comments?post=225061"}],"wp:featuredmedia":[{"embeddable":true,"href":"https:\/\/grupotextil.es\/ca\/wp-json\/wp\/v2\/media\/225063"}],"wp:attachment":[{"href":"https:\/\/grupotextil.es\/ca\/wp-json\/wp\/v2\/media?parent=225061"}],"wp:term":[{"taxonomy":"product_brand","embeddable":true,"href":"https:\/\/grupotextil.es\/ca\/wp-json\/wp\/v2\/product_brand?post=225061"},{"taxonomy":"product_cat","embeddable":true,"href":"https:\/\/grupotextil.es\/ca\/wp-json\/wp\/v2\/product_cat?post=225061"},{"taxonomy":"product_tag","embeddable":true,"href":"https:\/\/grupotextil.es\/ca\/wp-json\/wp\/v2\/product_tag?post=225061"}],"curies":[{"name":"wp","href":"https:\/\/api.w.org\/{rel}","templated":true}]}}