{"id":225073,"date":"2026-03-04T06:11:55","date_gmt":"2026-03-04T05:11:55","guid":{"rendered":"https:\/\/grupotextil.es\/producto\/outlet-camiseta-roly-nino-maracana-0436\/"},"modified":"2026-03-04T06:16:07","modified_gmt":"2026-03-04T05:16:07","slug":"outlet-camiseta-roly-nino-maracana-0436","status":"publish","type":"product","link":"https:\/\/grupotextil.es\/ca\/product\/outlet-camiseta-roly-nino-maracana-0436\/","title":{"rendered":"*OUTLET* Camiseta Roly Ni\u00f1o Maracana 0436"},"content":{"rendered":"<p>Camiseta de ni\u00f1o unisex con colores combinados, de fibra transpirable, muy agradable al tacto y de f\u00e1cil secado.<\/p>","protected":false},"excerpt":{"rendered":"<p>Camiseta de ni\u00f1o unisex con colores combinados, de fibra transpirable, muy agradable al tacto y de f\u00e1cil secado.<\/p>","protected":false},"featured_media":225075,"comment_status":"open","ping_status":"closed","template":"","meta":{"_acf_changed":false},"product_brand":[14011],"product_cat":[13974,13975,13976,13973],"product_tag":[],"class_list":{"0":"post-225073","1":"product","2":"type-product","3":"status-publish","4":"has-post-thumbnail","6":"product_brand-roly","7":"product_cat-ropa-hombre","8":"product_cat-ropa-mujer","9":"product_cat-ropa-nino","10":"product_cat-ropa","11":"tm-no-options","13":"first","14":"instock","15":"taxable","16":"shipping-taxable","17":"product-type-variable"},"acf":[],"_links":{"self":[{"href":"https:\/\/grupotextil.es\/ca\/wp-json\/wp\/v2\/product\/225073","targetHints":{"allow":["GET"]}}],"collection":[{"href":"https:\/\/grupotextil.es\/ca\/wp-json\/wp\/v2\/product"}],"about":[{"href":"https:\/\/grupotextil.es\/ca\/wp-json\/wp\/v2\/types\/product"}],"replies":[{"embeddable":true,"href":"https:\/\/grupotextil.es\/ca\/wp-json\/wp\/v2\/comments?post=225073"}],"wp:featuredmedia":[{"embeddable":true,"href":"https:\/\/grupotextil.es\/ca\/wp-json\/wp\/v2\/media\/225075"}],"wp:attachment":[{"href":"https:\/\/grupotextil.es\/ca\/wp-json\/wp\/v2\/media?parent=225073"}],"wp:term":[{"taxonomy":"product_brand","embeddable":true,"href":"https:\/\/grupotextil.es\/ca\/wp-json\/wp\/v2\/product_brand?post=225073"},{"taxonomy":"product_cat","embeddable":true,"href":"https:\/\/grupotextil.es\/ca\/wp-json\/wp\/v2\/product_cat?post=225073"},{"taxonomy":"product_tag","embeddable":true,"href":"https:\/\/grupotextil.es\/ca\/wp-json\/wp\/v2\/product_tag?post=225073"}],"curies":[{"name":"wp","href":"https:\/\/api.w.org\/{rel}","templated":true}]}}