{"id":225293,"date":"2026-03-04T06:13:19","date_gmt":"2026-03-04T05:13:19","guid":{"rendered":"https:\/\/grupotextil.es\/producto\/adv-explore-tech-shorts-w\/"},"modified":"2026-04-19T04:06:31","modified_gmt":"2026-04-19T02:06:31","slug":"adv-explore-tech-shorts-w","status":"publish","type":"product","link":"https:\/\/grupotextil.es\/ca\/product\/adv-explore-tech-shorts-w\/","title":{"rendered":"ADV Explore Tech Shorts W"},"content":{"rendered":"<p>Pantalones cortos exteriores hechos con material el\u00e1stico e interior suave para una mayor libertad de movimiento y una comodidad \u00f3ptima. Cintura ajustable, trabillas para el cintur\u00f3n y muchos bolsillos con cremallera.<\/p>\n<p>\u2022 Tela el\u00e1stica y suave en el interior<\/p>\n<p>\u2022 Dos bolsillos laterales con cremallera<\/p>\n<p>\u2022 Bolsillos en una pierna con cremallera<\/p>\n<p>\u2022 Cintura ajustable con velcro y el\u00e1stico<\/p>\n<p>\u2022 Bolsillo trasero con cremallera<\/p>\n<p>\u2022 Trabillas en la cintura<\/p>\n<p>\u2022 Logo de Craft en la cadera izquierda y seis puntos en la trabilla trasera del cintur\u00f3n<\/p>\n<p>\u2022 Bot\u00f3n a presi\u00f3n en la cintura con la marca Craft<\/p>\n<p><strong>Composici\u00f3n:<\/strong> 92% Poliamida 8% Elastano | <strong>Tallas:<\/strong> XS-XXL<\/p>","protected":false},"excerpt":{"rendered":"<p>Pantalones cortos exteriores hechos con material el\u00e1stico e interior suave para una mayor libertad de movimiento y una comodidad \u00f3ptima. Cintura ajustable, trabillas para el cintur\u00f3n y muchos bolsillos con cremallera.<\/p>","protected":false},"featured_media":234123,"comment_status":"open","ping_status":"closed","template":"","meta":{"_acf_changed":false},"product_brand":[10489],"product_cat":[13983],"product_tag":[],"class_list":{"0":"post-225293","1":"product","2":"type-product","3":"status-publish","4":"has-post-thumbnail","6":"product_brand-craft","7":"product_cat-h-pantalones","8":"tm-no-options","10":"first","11":"instock","12":"taxable","13":"shipping-taxable","14":"product-type-variable"},"acf":[],"_links":{"self":[{"href":"https:\/\/grupotextil.es\/ca\/wp-json\/wp\/v2\/product\/225293","targetHints":{"allow":["GET"]}}],"collection":[{"href":"https:\/\/grupotextil.es\/ca\/wp-json\/wp\/v2\/product"}],"about":[{"href":"https:\/\/grupotextil.es\/ca\/wp-json\/wp\/v2\/types\/product"}],"replies":[{"embeddable":true,"href":"https:\/\/grupotextil.es\/ca\/wp-json\/wp\/v2\/comments?post=225293"}],"wp:featuredmedia":[{"embeddable":true,"href":"https:\/\/grupotextil.es\/ca\/wp-json\/wp\/v2\/media\/234123"}],"wp:attachment":[{"href":"https:\/\/grupotextil.es\/ca\/wp-json\/wp\/v2\/media?parent=225293"}],"wp:term":[{"taxonomy":"product_brand","embeddable":true,"href":"https:\/\/grupotextil.es\/ca\/wp-json\/wp\/v2\/product_brand?post=225293"},{"taxonomy":"product_cat","embeddable":true,"href":"https:\/\/grupotextil.es\/ca\/wp-json\/wp\/v2\/product_cat?post=225293"},{"taxonomy":"product_tag","embeddable":true,"href":"https:\/\/grupotextil.es\/ca\/wp-json\/wp\/v2\/product_tag?post=225293"}],"curies":[{"name":"wp","href":"https:\/\/api.w.org\/{rel}","templated":true}]}}