{"id":225301,"date":"2026-03-04T06:13:23","date_gmt":"2026-03-04T05:13:23","guid":{"rendered":"https:\/\/grupotextil.es\/producto\/endur-glove\/"},"modified":"2026-04-19T04:06:31","modified_gmt":"2026-04-19T02:06:31","slug":"endur-glove","status":"publish","type":"product","link":"https:\/\/grupotextil.es\/ca\/product\/endur-glove\/","title":{"rendered":"Endur Glove"},"content":{"rendered":"<p>Guantes cl\u00e1sicos de ciclismo con malla el\u00e1stica reciclada en la parte trasera que ofrecen una gran transpirabilidad. Ajustador de velcro, empu\u00f1adura de silicona y acolchado de gel.<\/p>\n<p>\u2022 Tejido de malla reciclada con gran elasticidad y transpirabilidad<\/p>\n<p>\u2022 Ajustador de velcro<\/p>\n<p>\u2022 Impresi\u00f3n de silicona en la palma para un mejor agarre<\/p>\n<p>\u2022 Acolchado de gel en los puntos de presi\u00f3n de la palma<\/p>\n<p>\u2022 Terry en el pulgar para limpiar el sudor<\/p>\n<p><strong>Composici\u00f3n:<\/strong> Palma: 100% Polyamide. Rev\u00e9s:  87% Poliamida reciclada, 13% Elastano | <strong>Tallas:<\/strong> 6\/XXS-12\/XL<\/p>","protected":false},"excerpt":{"rendered":"<p>Guantes cl\u00e1sicos de ciclismo con malla el\u00e1stica reciclada en la parte trasera que ofrecen una gran transpirabilidad. Ajustador de velcro, empu\u00f1adura de silicona y acolchado de gel.<\/p>","protected":false},"featured_media":234126,"comment_status":"open","ping_status":"closed","template":"","meta":{"_acf_changed":false},"product_brand":[10489],"product_cat":[15147],"product_tag":[],"class_list":{"0":"post-225301","1":"product","2":"type-product","3":"status-publish","4":"has-post-thumbnail","6":"product_brand-craft","7":"product_cat-new-wave","8":"tm-no-options","10":"first","11":"instock","12":"taxable","13":"shipping-taxable","14":"product-type-variable"},"acf":[],"_links":{"self":[{"href":"https:\/\/grupotextil.es\/ca\/wp-json\/wp\/v2\/product\/225301","targetHints":{"allow":["GET"]}}],"collection":[{"href":"https:\/\/grupotextil.es\/ca\/wp-json\/wp\/v2\/product"}],"about":[{"href":"https:\/\/grupotextil.es\/ca\/wp-json\/wp\/v2\/types\/product"}],"replies":[{"embeddable":true,"href":"https:\/\/grupotextil.es\/ca\/wp-json\/wp\/v2\/comments?post=225301"}],"wp:featuredmedia":[{"embeddable":true,"href":"https:\/\/grupotextil.es\/ca\/wp-json\/wp\/v2\/media\/234126"}],"wp:attachment":[{"href":"https:\/\/grupotextil.es\/ca\/wp-json\/wp\/v2\/media?parent=225301"}],"wp:term":[{"taxonomy":"product_brand","embeddable":true,"href":"https:\/\/grupotextil.es\/ca\/wp-json\/wp\/v2\/product_brand?post=225301"},{"taxonomy":"product_cat","embeddable":true,"href":"https:\/\/grupotextil.es\/ca\/wp-json\/wp\/v2\/product_cat?post=225301"},{"taxonomy":"product_tag","embeddable":true,"href":"https:\/\/grupotextil.es\/ca\/wp-json\/wp\/v2\/product_tag?post=225301"}],"curies":[{"name":"wp","href":"https:\/\/api.w.org\/{rel}","templated":true}]}}