{"id":225315,"date":"2026-03-04T06:13:29","date_gmt":"2026-03-04T05:13:29","guid":{"rendered":"https:\/\/grupotextil.es\/producto\/ashland-u-woman\/"},"modified":"2026-04-19T04:06:31","modified_gmt":"2026-04-19T02:06:31","slug":"ashland-u-woman","status":"publish","type":"product","link":"https:\/\/grupotextil.es\/ca\/product\/ashland-u-woman\/","title":{"rendered":"Ashland U Woman"},"content":{"rendered":"<p>Su\u00e9ter de punto con cuello en U. Canal\u00e9 1&#215;1 en cintura y pu\u00f1os. Certificado Oeko-Tex 100.<\/p>\n<p><strong>Composici\u00f3n:<\/strong> 100% Algod\u00f3n org\u00e1nico | <strong>Peso:<\/strong> 255 g\/m\u00b2   | <strong>Tallas:<\/strong> XS-XXL<\/p>","protected":false},"excerpt":{"rendered":"<p>Su\u00e9ter de punto con cuello en U. Canal\u00e9 1&#215;1 en cintura y pu\u00f1os. Certificado Oeko-Tex 100.<\/p>","protected":false},"featured_media":234129,"comment_status":"open","ping_status":"closed","template":"","meta":{"_acf_changed":false},"product_brand":[10521],"product_cat":[15147],"product_tag":[],"class_list":{"0":"post-225315","1":"product","2":"type-product","3":"status-publish","4":"has-post-thumbnail","6":"product_brand-james-harvest","7":"product_cat-new-wave","8":"tm-no-options","10":"first","11":"instock","12":"taxable","13":"shipping-taxable","14":"product-type-variable"},"acf":[],"_links":{"self":[{"href":"https:\/\/grupotextil.es\/ca\/wp-json\/wp\/v2\/product\/225315","targetHints":{"allow":["GET"]}}],"collection":[{"href":"https:\/\/grupotextil.es\/ca\/wp-json\/wp\/v2\/product"}],"about":[{"href":"https:\/\/grupotextil.es\/ca\/wp-json\/wp\/v2\/types\/product"}],"replies":[{"embeddable":true,"href":"https:\/\/grupotextil.es\/ca\/wp-json\/wp\/v2\/comments?post=225315"}],"wp:featuredmedia":[{"embeddable":true,"href":"https:\/\/grupotextil.es\/ca\/wp-json\/wp\/v2\/media\/234129"}],"wp:attachment":[{"href":"https:\/\/grupotextil.es\/ca\/wp-json\/wp\/v2\/media?parent=225315"}],"wp:term":[{"taxonomy":"product_brand","embeddable":true,"href":"https:\/\/grupotextil.es\/ca\/wp-json\/wp\/v2\/product_brand?post=225315"},{"taxonomy":"product_cat","embeddable":true,"href":"https:\/\/grupotextil.es\/ca\/wp-json\/wp\/v2\/product_cat?post=225315"},{"taxonomy":"product_tag","embeddable":true,"href":"https:\/\/grupotextil.es\/ca\/wp-json\/wp\/v2\/product_tag?post=225315"}],"curies":[{"name":"wp","href":"https:\/\/api.w.org\/{rel}","templated":true}]}}