{"id":225390,"date":"2026-03-04T06:14:08","date_gmt":"2026-03-04T05:14:08","guid":{"rendered":"https:\/\/grupotextil.es\/producto\/kenai\/"},"modified":"2026-04-19T04:06:32","modified_gmt":"2026-04-19T02:06:32","slug":"kenai","status":"publish","type":"product","link":"https:\/\/grupotextil.es\/ca\/product\/kenai\/","title":{"rendered":"Kenai"},"content":{"rendered":"<p>Pantal\u00f3n de trekking moderno. Tejido resistente a viento y agua. Cintura el\u00e1stica. Dos bolsillos delanteros, dos bolsillos con cremallera en la pierna y uno trasero. Refuerzos en las rodillas. Bajos ajustables con velcro.<\/p>\n<p><strong>Composici\u00f3n:<\/strong> Tejido exterior 1: TP380  65% Poli\u00e9ster 35% Algod\u00f3n. Tejido exterior 2: 88% Poli\u00e9ster 12% Spandex | <strong>Peso:<\/strong> 235 g\/m2 185 g\/m2 | <strong>Tallas:<\/strong> XS-3XL<\/p>","protected":false},"excerpt":{"rendered":"<p>Pantal\u00f3n de trekking moderno. Tejido resistente a viento y agua. Cintura el\u00e1stica. Dos bolsillos delanteros, dos bolsillos con cremallera en la pierna y uno trasero. Refuerzos en las rodillas. Bajos ajustables con velcro.<\/p>","protected":false},"featured_media":234153,"comment_status":"open","ping_status":"closed","template":"","meta":{"_acf_changed":false},"product_brand":[10446],"product_cat":[13983],"product_tag":[],"class_list":{"0":"post-225390","1":"product","2":"type-product","3":"status-publish","4":"has-post-thumbnail","6":"product_brand-clique","7":"product_cat-h-pantalones","8":"tm-no-options","10":"first","11":"instock","12":"taxable","13":"shipping-taxable","14":"product-type-variable"},"acf":[],"_links":{"self":[{"href":"https:\/\/grupotextil.es\/ca\/wp-json\/wp\/v2\/product\/225390","targetHints":{"allow":["GET"]}}],"collection":[{"href":"https:\/\/grupotextil.es\/ca\/wp-json\/wp\/v2\/product"}],"about":[{"href":"https:\/\/grupotextil.es\/ca\/wp-json\/wp\/v2\/types\/product"}],"replies":[{"embeddable":true,"href":"https:\/\/grupotextil.es\/ca\/wp-json\/wp\/v2\/comments?post=225390"}],"wp:featuredmedia":[{"embeddable":true,"href":"https:\/\/grupotextil.es\/ca\/wp-json\/wp\/v2\/media\/234153"}],"wp:attachment":[{"href":"https:\/\/grupotextil.es\/ca\/wp-json\/wp\/v2\/media?parent=225390"}],"wp:term":[{"taxonomy":"product_brand","embeddable":true,"href":"https:\/\/grupotextil.es\/ca\/wp-json\/wp\/v2\/product_brand?post=225390"},{"taxonomy":"product_cat","embeddable":true,"href":"https:\/\/grupotextil.es\/ca\/wp-json\/wp\/v2\/product_cat?post=225390"},{"taxonomy":"product_tag","embeddable":true,"href":"https:\/\/grupotextil.es\/ca\/wp-json\/wp\/v2\/product_tag?post=225390"}],"curies":[{"name":"wp","href":"https:\/\/api.w.org\/{rel}","templated":true}]}}