{"id":225419,"date":"2026-03-04T06:14:28","date_gmt":"2026-03-04T05:14:28","guid":{"rendered":"https:\/\/grupotextil.es\/producto\/basic-active-polo\/"},"modified":"2026-04-19T04:06:32","modified_gmt":"2026-04-19T02:06:32","slug":"basic-active-polo","status":"publish","type":"product","link":"https:\/\/grupotextil.es\/ca\/product\/basic-active-polo\/","title":{"rendered":"Basic Active Polo"},"content":{"rendered":"<p>Polo piqu\u00e9 t\u00e9cnico unisex Spun dyed. Tapeta con tres botones a tono, aberturas laterales y tapeta reforzada. De f\u00e1cil re etiquetado. Protecci\u00f3n rayos ultravioleta UV25.<\/p>\n<p><strong>Composici\u00f3n:<\/strong> 100% Poli\u00e9ster spun dyed | <strong>Peso:<\/strong> 160 g\/m2 | <strong>Tallas:<\/strong> XS-4XL (96: XS-3XL)<\/p>","protected":false},"excerpt":{"rendered":"<p>Polo piqu\u00e9 t\u00e9cnico unisex Spun dyed. Tapeta con tres botones a tono, aberturas laterales y tapeta reforzada. De f\u00e1cil re etiquetado. Protecci\u00f3n rayos ultravioleta UV25.<\/p>","protected":false},"featured_media":234164,"comment_status":"open","ping_status":"closed","template":"","meta":{"_acf_changed":false},"product_brand":[10446],"product_cat":[15137,13979],"product_tag":[],"class_list":{"0":"post-225419","1":"product","2":"type-product","3":"status-publish","4":"has-post-thumbnail","6":"product_brand-clique","7":"product_cat-hombre-unisex-mujer","8":"product_cat-h-polos","9":"tm-no-options","11":"first","12":"instock","13":"taxable","14":"shipping-taxable","15":"product-type-variable"},"acf":[],"_links":{"self":[{"href":"https:\/\/grupotextil.es\/ca\/wp-json\/wp\/v2\/product\/225419","targetHints":{"allow":["GET"]}}],"collection":[{"href":"https:\/\/grupotextil.es\/ca\/wp-json\/wp\/v2\/product"}],"about":[{"href":"https:\/\/grupotextil.es\/ca\/wp-json\/wp\/v2\/types\/product"}],"replies":[{"embeddable":true,"href":"https:\/\/grupotextil.es\/ca\/wp-json\/wp\/v2\/comments?post=225419"}],"wp:featuredmedia":[{"embeddable":true,"href":"https:\/\/grupotextil.es\/ca\/wp-json\/wp\/v2\/media\/234164"}],"wp:attachment":[{"href":"https:\/\/grupotextil.es\/ca\/wp-json\/wp\/v2\/media?parent=225419"}],"wp:term":[{"taxonomy":"product_brand","embeddable":true,"href":"https:\/\/grupotextil.es\/ca\/wp-json\/wp\/v2\/product_brand?post=225419"},{"taxonomy":"product_cat","embeddable":true,"href":"https:\/\/grupotextil.es\/ca\/wp-json\/wp\/v2\/product_cat?post=225419"},{"taxonomy":"product_tag","embeddable":true,"href":"https:\/\/grupotextil.es\/ca\/wp-json\/wp\/v2\/product_tag?post=225419"}],"curies":[{"name":"wp","href":"https:\/\/api.w.org\/{rel}","templated":true}]}}