{"id":225436,"date":"2026-03-04T06:14:39","date_gmt":"2026-03-04T05:14:39","guid":{"rendered":"https:\/\/grupotextil.es\/producto\/pro-active-extreme-x-pants-w\/"},"modified":"2026-04-19T04:06:32","modified_gmt":"2026-04-19T02:06:32","slug":"pro-active-extreme-x-pants-w","status":"publish","type":"product","link":"https:\/\/grupotextil.es\/ca\/product\/pro-active-extreme-x-pants-w\/","title":{"rendered":"PRO Active Extreme X Pants W"},"content":{"rendered":"<p>Pantalones interiores de alto rendimiento, ajustados y con paneles de malla para un mejor funcionamiento durante los entrenamientos de alta intensidad. Tejidos reciclados.<\/p>\n<p>\u2022 Tejido fino, ligero y el\u00e1stico<\/p>\n<p>\u2022 La fibra Coolmax-Air contra la piel mejora el enfriamiento y el transporte de la humedad<\/p>\n<p>\u2022 Costuras planas que siguen los movimientos del cuerpo<\/p>\n<p>\u2022 Inserciones de malla en las ingles para una mejor ventilaci\u00f3n<\/p>\n<p>\u2022 Este producto est\u00e1 fabricado con poli\u00e9ster SeaQual que se produce a partir del pl\u00e1stico reciclado del oc\u00e9ano<\/p>\n<p><strong>Composici\u00f3n:<\/strong> 40% Poli\u00e9ster SeaQual 39% Poli\u00e9ster \u00abCoolmax\u00bb 21% Poli\u00e9ster reciclado | <strong>Peso:<\/strong> 100 g\/m2 | <strong>Tallas:<\/strong> XS-XXL<\/p>","protected":false},"excerpt":{"rendered":"<p>Pantalones interiores de alto rendimiento, ajustados y con paneles de malla para un mejor funcionamiento durante los entrenamientos de alta intensidad. Tejidos reciclados.<\/p>","protected":false},"featured_media":234171,"comment_status":"open","ping_status":"closed","template":"","meta":{"_acf_changed":false},"product_brand":[10489],"product_cat":[13983],"product_tag":[],"class_list":{"0":"post-225436","1":"product","2":"type-product","3":"status-publish","4":"has-post-thumbnail","6":"product_brand-craft","7":"product_cat-h-pantalones","8":"tm-no-options","10":"first","11":"instock","12":"taxable","13":"shipping-taxable","14":"product-type-variable"},"acf":[],"_links":{"self":[{"href":"https:\/\/grupotextil.es\/ca\/wp-json\/wp\/v2\/product\/225436","targetHints":{"allow":["GET"]}}],"collection":[{"href":"https:\/\/grupotextil.es\/ca\/wp-json\/wp\/v2\/product"}],"about":[{"href":"https:\/\/grupotextil.es\/ca\/wp-json\/wp\/v2\/types\/product"}],"replies":[{"embeddable":true,"href":"https:\/\/grupotextil.es\/ca\/wp-json\/wp\/v2\/comments?post=225436"}],"wp:featuredmedia":[{"embeddable":true,"href":"https:\/\/grupotextil.es\/ca\/wp-json\/wp\/v2\/media\/234171"}],"wp:attachment":[{"href":"https:\/\/grupotextil.es\/ca\/wp-json\/wp\/v2\/media?parent=225436"}],"wp:term":[{"taxonomy":"product_brand","embeddable":true,"href":"https:\/\/grupotextil.es\/ca\/wp-json\/wp\/v2\/product_brand?post=225436"},{"taxonomy":"product_cat","embeddable":true,"href":"https:\/\/grupotextil.es\/ca\/wp-json\/wp\/v2\/product_cat?post=225436"},{"taxonomy":"product_tag","embeddable":true,"href":"https:\/\/grupotextil.es\/ca\/wp-json\/wp\/v2\/product_tag?post=225436"}],"curies":[{"name":"wp","href":"https:\/\/api.w.org\/{rel}","templated":true}]}}