{"id":225462,"date":"2026-03-04T06:14:55","date_gmt":"2026-03-04T05:14:55","guid":{"rendered":"https:\/\/grupotextil.es\/producto\/um-t-shirt-ocs-loose-fit-unisex\/"},"modified":"2026-04-19T04:06:32","modified_gmt":"2026-04-19T02:06:32","slug":"um-t-shirt-ocs-loose-fit-unisex","status":"publish","type":"product","link":"https:\/\/grupotextil.es\/ca\/product\/um-t-shirt-ocs-loose-fit-unisex\/","title":{"rendered":"UM T-Shirt (OCS) \nLoose Fit Unisex"},"content":{"rendered":"<p>Confeccionada en algod\u00f3n 100% org\u00e1nico, esta camiseta unisex de 180 g\/m\u00b2 presenta un corte holgado para un look desenfadado. Acabada con un cuello redondo cl\u00e1sico y dobladillos limpios.<\/p>\n<ul>\n<li>Dise\u00f1ada cuidadosamente seg\u00fan los principios de ECODESIGN para facilitar su reciclaje al final de su vida \u00fatil.<\/li>\n<li>La prenda est\u00e1 cosida con hilo EcoVerde, fabricado con poli\u00e9ster 100% reciclado.<\/li>\n<li>El tejido es algod\u00f3n de cultivo ecol\u00f3gico con certificaci\u00f3n OCS.<\/li>\n<li>Certificado OEKO-TEX\u00ae MADE IN GREEN, lo que garantiza la seguridad, la transparencia y la producci\u00f3n responsable. (OEKO-TEX STANDARD 100 + OEKO-TEX STeP)<\/li>\n<li>Aprobado por PETA como vegano, lo que demuestra que no se han utilizado materiales de origen animal.<\/li>\n<li>Escanea el c\u00f3digo QR que se encuentra dentro de la prenda o en la p\u00e1gina web para desbloquear el PASAPORTE DIGITAL DEL PRODUCTO.<\/li>\n<\/ul>\n<p><strong>Composici\u00f3n:<\/strong> Tejido exterior<\/p>\n<p>100% algod\u00f3n org\u00e1nico certificado por OCS.<br \/>\nCertificado por CERES-1725. | <strong>Peso:<\/strong> 180 g\/m\u00b2 | <strong>Tallas:<\/strong> XXS-5XL<\/p>","protected":false},"excerpt":{"rendered":"<p>Confeccionada en algod\u00f3n 100% org\u00e1nico, esta camiseta unisex de 180 g\/m\u00b2 presenta un corte holgado para un look desenfadado. Acabada con un cuello redondo cl\u00e1sico y dobladillos limpios.<\/p>","protected":false},"featured_media":234186,"comment_status":"open","ping_status":"closed","template":"","meta":{"_acf_changed":false},"product_brand":[10501],"product_cat":[13948,13986,13977,13950,13974,13975,13973],"product_tag":[],"class_list":{"0":"post-225462","1":"product","2":"type-product","3":"status-publish","4":"has-post-thumbnail","6":"product_brand-untagged-movement","7":"product_cat-accesorios","8":"product_cat-m-camisetas-manga-corta","9":"product_cat-h-camisetas-manga-corta","10":"product_cat-gorros-y-beanies","11":"product_cat-ropa-hombre","12":"product_cat-ropa-mujer","13":"product_cat-ropa","14":"tm-no-options","16":"first","17":"instock","18":"taxable","19":"shipping-taxable","20":"product-type-variable"},"acf":[],"_links":{"self":[{"href":"https:\/\/grupotextil.es\/ca\/wp-json\/wp\/v2\/product\/225462","targetHints":{"allow":["GET"]}}],"collection":[{"href":"https:\/\/grupotextil.es\/ca\/wp-json\/wp\/v2\/product"}],"about":[{"href":"https:\/\/grupotextil.es\/ca\/wp-json\/wp\/v2\/types\/product"}],"replies":[{"embeddable":true,"href":"https:\/\/grupotextil.es\/ca\/wp-json\/wp\/v2\/comments?post=225462"}],"wp:featuredmedia":[{"embeddable":true,"href":"https:\/\/grupotextil.es\/ca\/wp-json\/wp\/v2\/media\/234186"}],"wp:attachment":[{"href":"https:\/\/grupotextil.es\/ca\/wp-json\/wp\/v2\/media?parent=225462"}],"wp:term":[{"taxonomy":"product_brand","embeddable":true,"href":"https:\/\/grupotextil.es\/ca\/wp-json\/wp\/v2\/product_brand?post=225462"},{"taxonomy":"product_cat","embeddable":true,"href":"https:\/\/grupotextil.es\/ca\/wp-json\/wp\/v2\/product_cat?post=225462"},{"taxonomy":"product_tag","embeddable":true,"href":"https:\/\/grupotextil.es\/ca\/wp-json\/wp\/v2\/product_tag?post=225462"}],"curies":[{"name":"wp","href":"https:\/\/api.w.org\/{rel}","templated":true}]}}