{"id":225468,"date":"2026-03-04T06:14:59","date_gmt":"2026-03-04T05:14:59","guid":{"rendered":"https:\/\/grupotextil.es\/producto\/9516-projob-oryx-low-cut-s7s\/"},"modified":"2026-04-19T04:06:32","modified_gmt":"2026-04-19T02:06:32","slug":"9516-projob-oryx-low-cut-s7s","status":"publish","type":"product","link":"https:\/\/grupotextil.es\/ca\/product\/9516-projob-oryx-low-cut-s7s\/","title":{"rendered":"9516 PROJOB ORYX LOW CUT S7S"},"content":{"rendered":"<p>PROJOB 9516 es un zapato de seguridad impermeable seg\u00fan S7S. El zapato es ligero y flexible con una parte superior de nobuck duradera. El zapato tiene refuerzos extra de TPU en la puntera y el tal\u00f3n para una mayor durabilidad. La entresuela ERP proporciona un ajuste \u00f3ptimo y un gran confort, mientras que la suela de goma duradera garantiza un buen agarre en diferentes superficies. La puntera de composite y la protecci\u00f3n textil contra clavos protegen los pies de impactos y penetraciones. El sistema de cordones FitGo, situado en el exterior de la zapatilla, facilita la colocaci\u00f3n y optimiza la personalizaci\u00f3n. La plantilla extra\u00edble de espuma de PU de c\u00e9lula abierta proporciona a la zapatilla una excelente transpirabilidad.<\/p>\n<p><strong>Composici\u00f3n:<\/strong> Suela intermedia: EVA EPR Suela: Caucho Material exterior: PU nobuk, malla, refuerzos TPU tal\u00f3n+dedo, membrana Cosmo 50% reciclado | <strong>Tallas:<\/strong> 35-48<\/p>","protected":false},"excerpt":{"rendered":"<p>PROJOB 9516 es un zapato de seguridad impermeable seg\u00fan S7S. El zapato es ligero y flexible con una parte superior de nobuck duradera. El zapato tiene refuerzos extra de TPU en la puntera y el tal\u00f3n para una mayor durabilidad. La entresuela ERP propo<\/p>","protected":false},"featured_media":234189,"comment_status":"open","ping_status":"closed","template":"","meta":{"_acf_changed":false},"product_brand":[10531],"product_cat":[15142],"product_tag":[],"class_list":{"0":"post-225468","1":"product","2":"type-product","3":"status-publish","4":"has-post-thumbnail","6":"product_brand-projob","7":"product_cat-calzado","8":"tm-no-options","10":"first","11":"instock","12":"taxable","13":"shipping-taxable","14":"product-type-variable"},"acf":[],"_links":{"self":[{"href":"https:\/\/grupotextil.es\/ca\/wp-json\/wp\/v2\/product\/225468","targetHints":{"allow":["GET"]}}],"collection":[{"href":"https:\/\/grupotextil.es\/ca\/wp-json\/wp\/v2\/product"}],"about":[{"href":"https:\/\/grupotextil.es\/ca\/wp-json\/wp\/v2\/types\/product"}],"replies":[{"embeddable":true,"href":"https:\/\/grupotextil.es\/ca\/wp-json\/wp\/v2\/comments?post=225468"}],"wp:featuredmedia":[{"embeddable":true,"href":"https:\/\/grupotextil.es\/ca\/wp-json\/wp\/v2\/media\/234189"}],"wp:attachment":[{"href":"https:\/\/grupotextil.es\/ca\/wp-json\/wp\/v2\/media?parent=225468"}],"wp:term":[{"taxonomy":"product_brand","embeddable":true,"href":"https:\/\/grupotextil.es\/ca\/wp-json\/wp\/v2\/product_brand?post=225468"},{"taxonomy":"product_cat","embeddable":true,"href":"https:\/\/grupotextil.es\/ca\/wp-json\/wp\/v2\/product_cat?post=225468"},{"taxonomy":"product_tag","embeddable":true,"href":"https:\/\/grupotextil.es\/ca\/wp-json\/wp\/v2\/product_tag?post=225468"}],"curies":[{"name":"wp","href":"https:\/\/api.w.org\/{rel}","templated":true}]}}