{"id":225527,"date":"2026-03-04T06:15:38","date_gmt":"2026-03-04T05:15:38","guid":{"rendered":"https:\/\/grupotextil.es\/producto\/2-0-combi-bag\/"},"modified":"2026-04-19T04:06:33","modified_gmt":"2026-04-19T02:06:33","slug":"2-0-combi-bag","status":"publish","type":"product","link":"https:\/\/grupotextil.es\/ca\/product\/2-0-combi-bag\/","title":{"rendered":"2.0 Combi Bag"},"content":{"rendered":"<p>Bolsa de padel que tambi\u00e9n funciona como mochila para una amplia variedad de usos. Asa en la parte superior y delantera. Correas para los hombros con dos anillos en D que cuentan con una correa para el estern\u00f3n para brindar estabilidad cuando se est\u00e1 en movimiento. Dos grandes bolsillos laterales con cremallera, uno aislado, perfecto para bebidas fr\u00edas y comida. Cremallera grande en forma de U para un acceso f\u00e1cil y un embalaje r\u00e1pido. Un compartimento ventilado para zapatos \/ toallas. Bolsillo superior con cremallera y gancho para llavero. Bolsillo de seguridad oculto detr\u00e1s de las correas de los hombros y un bolsillo lateral de malla grande. Incluye detalles reflectantes.<\/p>\n<p><strong>Composici\u00f3n:<\/strong> 100% Poli\u00e9ster con respaldo y revestimiento de PU. | <strong>Tallas:<\/strong> UD<\/p>","protected":false},"excerpt":{"rendered":"<p>Bolsa de padel que tambi\u00e9n funciona como mochila para una amplia variedad de usos. Asa en la parte superior y delantera. Correas para los hombros con dos anillos en D que cuentan con una correa para el estern\u00f3n para brindar estabilidad cuando se est\u00e1<\/p>","protected":false},"featured_media":234216,"comment_status":"open","ping_status":"closed","template":"","meta":{"_acf_changed":false},"product_brand":[10446],"product_cat":[15146],"product_tag":[],"class_list":{"0":"post-225527","1":"product","2":"type-product","3":"status-publish","4":"has-post-thumbnail","6":"product_brand-clique","7":"product_cat-bolsas","8":"tm-no-options","10":"first","11":"instock","12":"taxable","13":"shipping-taxable","14":"product-type-variable"},"acf":[],"_links":{"self":[{"href":"https:\/\/grupotextil.es\/ca\/wp-json\/wp\/v2\/product\/225527","targetHints":{"allow":["GET"]}}],"collection":[{"href":"https:\/\/grupotextil.es\/ca\/wp-json\/wp\/v2\/product"}],"about":[{"href":"https:\/\/grupotextil.es\/ca\/wp-json\/wp\/v2\/types\/product"}],"replies":[{"embeddable":true,"href":"https:\/\/grupotextil.es\/ca\/wp-json\/wp\/v2\/comments?post=225527"}],"wp:featuredmedia":[{"embeddable":true,"href":"https:\/\/grupotextil.es\/ca\/wp-json\/wp\/v2\/media\/234216"}],"wp:attachment":[{"href":"https:\/\/grupotextil.es\/ca\/wp-json\/wp\/v2\/media?parent=225527"}],"wp:term":[{"taxonomy":"product_brand","embeddable":true,"href":"https:\/\/grupotextil.es\/ca\/wp-json\/wp\/v2\/product_brand?post=225527"},{"taxonomy":"product_cat","embeddable":true,"href":"https:\/\/grupotextil.es\/ca\/wp-json\/wp\/v2\/product_cat?post=225527"},{"taxonomy":"product_tag","embeddable":true,"href":"https:\/\/grupotextil.es\/ca\/wp-json\/wp\/v2\/product_tag?post=225527"}],"curies":[{"name":"wp","href":"https:\/\/api.w.org\/{rel}","templated":true}]}}