{"id":225582,"date":"2026-03-04T06:16:13","date_gmt":"2026-03-04T05:16:13","guid":{"rendered":"https:\/\/grupotextil.es\/producto\/idaho-vest-women\/"},"modified":"2026-04-19T04:06:33","modified_gmt":"2026-04-19T02:06:33","slug":"idaho-vest-women","status":"publish","type":"product","link":"https:\/\/grupotextil.es\/ca\/product\/idaho-vest-women\/","title":{"rendered":"Idaho Vest Women"},"content":{"rendered":"<p>Chaleco ligero c\u00e1lido con acolchado similar al plum\u00f3n. Hecho de 100% poliamida reciclada. 3 bolsillos exteriores con cremallera y 2 bolsillos interiores. Cinta el\u00e1stica en bajo y brazos. Versi\u00f3n mujer con capucha desmontable. Viene con soluci\u00f3n para auriculares y tiradores de cremallera.<\/p>\n<p><strong>Composici\u00f3n:<\/strong> Tejido exterior: 100 % poliamida reciclada. Relleno: 100% Poli\u00e9ster Reciclado. Forro: 100% Poli\u00e9ster Reciclado | <strong>Tallas:<\/strong> XS-XXL<\/p>","protected":false},"excerpt":{"rendered":"<p>Chaleco ligero c\u00e1lido con acolchado similar al plum\u00f3n. Hecho de 100% poliamida reciclada. 3 bolsillos exteriores con cremallera y 2 bolsillos interiores. Cinta el\u00e1stica en bajo y brazos. Versi\u00f3n mujer con capucha desmontable. Viene con soluci\u00f3n para<\/p>","protected":false},"featured_media":234244,"comment_status":"open","ping_status":"closed","template":"","meta":{"_acf_changed":false},"product_brand":[10446],"product_cat":[13998],"product_tag":[],"class_list":{"0":"post-225582","1":"product","2":"type-product","3":"status-publish","4":"has-post-thumbnail","6":"product_brand-clique","7":"product_cat-n-chaquetas","8":"tm-no-options","10":"first","11":"instock","12":"taxable","13":"shipping-taxable","14":"product-type-variable"},"acf":[],"_links":{"self":[{"href":"https:\/\/grupotextil.es\/ca\/wp-json\/wp\/v2\/product\/225582","targetHints":{"allow":["GET"]}}],"collection":[{"href":"https:\/\/grupotextil.es\/ca\/wp-json\/wp\/v2\/product"}],"about":[{"href":"https:\/\/grupotextil.es\/ca\/wp-json\/wp\/v2\/types\/product"}],"replies":[{"embeddable":true,"href":"https:\/\/grupotextil.es\/ca\/wp-json\/wp\/v2\/comments?post=225582"}],"wp:featuredmedia":[{"embeddable":true,"href":"https:\/\/grupotextil.es\/ca\/wp-json\/wp\/v2\/media\/234244"}],"wp:attachment":[{"href":"https:\/\/grupotextil.es\/ca\/wp-json\/wp\/v2\/media?parent=225582"}],"wp:term":[{"taxonomy":"product_brand","embeddable":true,"href":"https:\/\/grupotextil.es\/ca\/wp-json\/wp\/v2\/product_brand?post=225582"},{"taxonomy":"product_cat","embeddable":true,"href":"https:\/\/grupotextil.es\/ca\/wp-json\/wp\/v2\/product_cat?post=225582"},{"taxonomy":"product_tag","embeddable":true,"href":"https:\/\/grupotextil.es\/ca\/wp-json\/wp\/v2\/product_tag?post=225582"}],"curies":[{"name":"wp","href":"https:\/\/api.w.org\/{rel}","templated":true}]}}