{"id":225589,"date":"2026-03-04T06:16:17","date_gmt":"2026-03-04T05:16:17","guid":{"rendered":"https:\/\/grupotextil.es\/producto\/basic-active-hoody\/"},"modified":"2026-04-19T04:06:33","modified_gmt":"2026-04-19T02:06:33","slug":"basic-active-hoody","status":"publish","type":"product","link":"https:\/\/grupotextil.es\/ca\/product\/basic-active-hoody\/","title":{"rendered":"Basic Active Hoody"},"content":{"rendered":"<p>Sudadera Spun dyed unisex con capucha. Bolsillo tipo canguro y bolsillo con cremallera a tono en manga. Cord\u00f3n plano en capucha, cuello herringbone y canal\u00e9 en cintura y mangas. Bolsillo con soluci\u00f3n para auriculares. De f\u00e1cil re etiquetado.<\/p>\n<p><strong>Composici\u00f3n:<\/strong> 100% Poli\u00e9ster | <strong>Peso:<\/strong> 280 g\/m2 | <strong>Tallas:<\/strong> XS-4XL<\/p>","protected":false},"excerpt":{"rendered":"<p>Sudadera Spun dyed unisex con capucha. Bolsillo tipo canguro y bolsillo con cremallera a tono en manga. Cord\u00f3n plano en capucha, cuello herringbone y canal\u00e9 en cintura y mangas. Bolsillo con soluci\u00f3n para auriculares. De f\u00e1cil re etiquetado.<\/p>","protected":false},"featured_media":234247,"comment_status":"open","ping_status":"closed","template":"","meta":{"_acf_changed":false},"product_brand":[10446],"product_cat":[15137,13980],"product_tag":[],"class_list":{"0":"post-225589","1":"product","2":"type-product","3":"status-publish","4":"has-post-thumbnail","6":"product_brand-clique","7":"product_cat-hombre-unisex-mujer","8":"product_cat-h-sudaderas","9":"tm-no-options","11":"first","12":"instock","13":"taxable","14":"shipping-taxable","15":"product-type-variable"},"acf":[],"_links":{"self":[{"href":"https:\/\/grupotextil.es\/ca\/wp-json\/wp\/v2\/product\/225589","targetHints":{"allow":["GET"]}}],"collection":[{"href":"https:\/\/grupotextil.es\/ca\/wp-json\/wp\/v2\/product"}],"about":[{"href":"https:\/\/grupotextil.es\/ca\/wp-json\/wp\/v2\/types\/product"}],"replies":[{"embeddable":true,"href":"https:\/\/grupotextil.es\/ca\/wp-json\/wp\/v2\/comments?post=225589"}],"wp:featuredmedia":[{"embeddable":true,"href":"https:\/\/grupotextil.es\/ca\/wp-json\/wp\/v2\/media\/234247"}],"wp:attachment":[{"href":"https:\/\/grupotextil.es\/ca\/wp-json\/wp\/v2\/media?parent=225589"}],"wp:term":[{"taxonomy":"product_brand","embeddable":true,"href":"https:\/\/grupotextil.es\/ca\/wp-json\/wp\/v2\/product_brand?post=225589"},{"taxonomy":"product_cat","embeddable":true,"href":"https:\/\/grupotextil.es\/ca\/wp-json\/wp\/v2\/product_cat?post=225589"},{"taxonomy":"product_tag","embeddable":true,"href":"https:\/\/grupotextil.es\/ca\/wp-json\/wp\/v2\/product_tag?post=225589"}],"curies":[{"name":"wp","href":"https:\/\/api.w.org\/{rel}","templated":true}]}}