{"id":225624,"date":"2026-03-04T06:16:40","date_gmt":"2026-03-04T05:16:40","guid":{"rendered":"https:\/\/grupotextil.es\/producto\/elastic-belt\/"},"modified":"2026-04-19T04:06:33","modified_gmt":"2026-04-19T02:06:33","slug":"elastic-belt","status":"publish","type":"product","link":"https:\/\/grupotextil.es\/ca\/product\/elastic-belt\/","title":{"rendered":"Elastic Belt"},"content":{"rendered":"<p>Cintur\u00f3n el\u00e1stico unisex en poli\u00e9ster y hebilla met\u00e1lica.<\/p>\n<p><strong>Composici\u00f3n:<\/strong> 53% Poli\u00e9ster, 47% goma en la parte el\u00e1stica. PU en el cierre. Hebilla: 100% aleaci\u00f3n. Libre de N\u00edquel. | <strong>Tallas:<\/strong> 105-120<\/p>","protected":false},"excerpt":{"rendered":"<p>Cintur\u00f3n el\u00e1stico unisex en poli\u00e9ster y hebilla met\u00e1lica.<\/p>","protected":false},"featured_media":234263,"comment_status":"open","ping_status":"closed","template":"","meta":{"_acf_changed":false},"product_brand":[10446],"product_cat":[13948],"product_tag":[],"class_list":{"0":"post-225624","1":"product","2":"type-product","3":"status-publish","4":"has-post-thumbnail","6":"product_brand-clique","7":"product_cat-accesorios","8":"tm-no-options","10":"first","11":"instock","12":"taxable","13":"shipping-taxable","14":"product-type-variable"},"acf":[],"_links":{"self":[{"href":"https:\/\/grupotextil.es\/ca\/wp-json\/wp\/v2\/product\/225624","targetHints":{"allow":["GET"]}}],"collection":[{"href":"https:\/\/grupotextil.es\/ca\/wp-json\/wp\/v2\/product"}],"about":[{"href":"https:\/\/grupotextil.es\/ca\/wp-json\/wp\/v2\/types\/product"}],"replies":[{"embeddable":true,"href":"https:\/\/grupotextil.es\/ca\/wp-json\/wp\/v2\/comments?post=225624"}],"wp:featuredmedia":[{"embeddable":true,"href":"https:\/\/grupotextil.es\/ca\/wp-json\/wp\/v2\/media\/234263"}],"wp:attachment":[{"href":"https:\/\/grupotextil.es\/ca\/wp-json\/wp\/v2\/media?parent=225624"}],"wp:term":[{"taxonomy":"product_brand","embeddable":true,"href":"https:\/\/grupotextil.es\/ca\/wp-json\/wp\/v2\/product_brand?post=225624"},{"taxonomy":"product_cat","embeddable":true,"href":"https:\/\/grupotextil.es\/ca\/wp-json\/wp\/v2\/product_cat?post=225624"},{"taxonomy":"product_tag","embeddable":true,"href":"https:\/\/grupotextil.es\/ca\/wp-json\/wp\/v2\/product_tag?post=225624"}],"curies":[{"name":"wp","href":"https:\/\/api.w.org\/{rel}","templated":true}]}}