{"id":225684,"date":"2026-03-04T06:17:21","date_gmt":"2026-03-04T05:17:21","guid":{"rendered":"https:\/\/grupotextil.es\/producto\/adv-unify-pants-m\/"},"modified":"2026-04-19T04:06:33","modified_gmt":"2026-04-19T02:06:33","slug":"adv-unify-pants-m","status":"publish","type":"product","link":"https:\/\/grupotextil.es\/ca\/product\/adv-unify-pants-m\/","title":{"rendered":"ADV Unify Pants M"},"content":{"rendered":"<p>Pantalones casual de ch\u00e1ndal hechos de poli\u00e9ster reciclado suave y c\u00f3mod. Dos bolsillos con cremallera.<\/p>\n<p>\u2022 Ajuste c\u00f3modo<\/p>\n<p>\u2022 Poli\u00e9ster reciclado, suave y c\u00f3modo con tacto de algod\u00f3n<\/p>\n<p>\u2022 Dos bolsillos con cremallera<\/p>\n<p><strong>Composici\u00f3n:<\/strong> Colores s\u00f3lidos: 100% Poli\u00e9ster reciclado. Colores marengo: 60% Poli\u00e9ster reciclado 40% Poli\u00e9ster | <strong>Peso:<\/strong> 220 g\/m2 | <strong>Tallas:<\/strong> S-XXL<\/p>","protected":false},"excerpt":{"rendered":"<p>Pantalones casual de ch\u00e1ndal hechos de poli\u00e9ster reciclado suave y c\u00f3mod. Dos bolsillos con cremallera.<\/p>","protected":false},"featured_media":234284,"comment_status":"open","ping_status":"closed","template":"","meta":{"_acf_changed":false},"product_brand":[10489],"product_cat":[13983],"product_tag":[],"class_list":{"0":"post-225684","1":"product","2":"type-product","3":"status-publish","4":"has-post-thumbnail","6":"product_brand-craft","7":"product_cat-h-pantalones","8":"tm-no-options","10":"first","11":"instock","12":"taxable","13":"shipping-taxable","14":"product-type-variable"},"acf":[],"_links":{"self":[{"href":"https:\/\/grupotextil.es\/ca\/wp-json\/wp\/v2\/product\/225684","targetHints":{"allow":["GET"]}}],"collection":[{"href":"https:\/\/grupotextil.es\/ca\/wp-json\/wp\/v2\/product"}],"about":[{"href":"https:\/\/grupotextil.es\/ca\/wp-json\/wp\/v2\/types\/product"}],"replies":[{"embeddable":true,"href":"https:\/\/grupotextil.es\/ca\/wp-json\/wp\/v2\/comments?post=225684"}],"wp:featuredmedia":[{"embeddable":true,"href":"https:\/\/grupotextil.es\/ca\/wp-json\/wp\/v2\/media\/234284"}],"wp:attachment":[{"href":"https:\/\/grupotextil.es\/ca\/wp-json\/wp\/v2\/media?parent=225684"}],"wp:term":[{"taxonomy":"product_brand","embeddable":true,"href":"https:\/\/grupotextil.es\/ca\/wp-json\/wp\/v2\/product_brand?post=225684"},{"taxonomy":"product_cat","embeddable":true,"href":"https:\/\/grupotextil.es\/ca\/wp-json\/wp\/v2\/product_cat?post=225684"},{"taxonomy":"product_tag","embeddable":true,"href":"https:\/\/grupotextil.es\/ca\/wp-json\/wp\/v2\/product_tag?post=225684"}],"curies":[{"name":"wp","href":"https:\/\/api.w.org\/{rel}","templated":true}]}}