{"id":225702,"date":"2026-03-04T06:17:31","date_gmt":"2026-03-04T05:17:31","guid":{"rendered":"https:\/\/grupotextil.es\/producto\/ashland-halfzip\/"},"modified":"2026-04-19T04:06:33","modified_gmt":"2026-04-19T02:06:33","slug":"ashland-halfzip","status":"publish","type":"product","link":"https:\/\/grupotextil.es\/ca\/product\/ashland-halfzip\/","title":{"rendered":"Ashland Halfzip"},"content":{"rendered":"<p>Confeccionado en algod\u00f3n org\u00e1nico para ofrecer comodidad y sostenibilidad. Este vers\u00e1til jersey de punto presenta un dise\u00f1o unisex con una elegante cremallera corta en la parte delantera central.  Dise\u00f1ado con atenci\u00f3n al detalle cuenta con un cuello, mangas y dobladillo inferior de canal\u00e9 1&#215;1, proporcionando un acabado elegante y refinado. Adem\u00e1s, con su certificaci\u00f3n Oeko-Tex 100, puede confiar en que esta prenda cumple las estrictas normas de responsabilidad medioambiental y social.<\/p>\n<p><strong>Composici\u00f3n:<\/strong> 100% Algod\u00f3n org\u00e1nico, 12 GG<br \/>\nOeko-Tex Standard 100 | <strong>Peso:<\/strong> 255 g\/m\u00b2 | <strong>Tallas:<\/strong> XXS-4XL<\/p>","protected":false},"excerpt":{"rendered":"<p>Confeccionado en algod\u00f3n org\u00e1nico para ofrecer comodidad y sostenibilidad. Este vers\u00e1til jersey de punto presenta un dise\u00f1o unisex con una elegante cremallera corta en la parte delantera central.  Dise\u00f1ado con atenci\u00f3n al detalle cuenta con un cuello<\/p>","protected":false},"featured_media":234294,"comment_status":"open","ping_status":"closed","template":"","meta":{"_acf_changed":false},"product_brand":[10521],"product_cat":[15147],"product_tag":[],"class_list":{"0":"post-225702","1":"product","2":"type-product","3":"status-publish","4":"has-post-thumbnail","6":"product_brand-james-harvest","7":"product_cat-new-wave","8":"tm-no-options","10":"first","11":"instock","12":"taxable","13":"shipping-taxable","14":"product-type-variable"},"acf":[],"_links":{"self":[{"href":"https:\/\/grupotextil.es\/ca\/wp-json\/wp\/v2\/product\/225702","targetHints":{"allow":["GET"]}}],"collection":[{"href":"https:\/\/grupotextil.es\/ca\/wp-json\/wp\/v2\/product"}],"about":[{"href":"https:\/\/grupotextil.es\/ca\/wp-json\/wp\/v2\/types\/product"}],"replies":[{"embeddable":true,"href":"https:\/\/grupotextil.es\/ca\/wp-json\/wp\/v2\/comments?post=225702"}],"wp:featuredmedia":[{"embeddable":true,"href":"https:\/\/grupotextil.es\/ca\/wp-json\/wp\/v2\/media\/234294"}],"wp:attachment":[{"href":"https:\/\/grupotextil.es\/ca\/wp-json\/wp\/v2\/media?parent=225702"}],"wp:term":[{"taxonomy":"product_brand","embeddable":true,"href":"https:\/\/grupotextil.es\/ca\/wp-json\/wp\/v2\/product_brand?post=225702"},{"taxonomy":"product_cat","embeddable":true,"href":"https:\/\/grupotextil.es\/ca\/wp-json\/wp\/v2\/product_cat?post=225702"},{"taxonomy":"product_tag","embeddable":true,"href":"https:\/\/grupotextil.es\/ca\/wp-json\/wp\/v2\/product_tag?post=225702"}],"curies":[{"name":"wp","href":"https:\/\/api.w.org\/{rel}","templated":true}]}}