{"id":225714,"date":"2026-03-04T06:17:37","date_gmt":"2026-03-04T05:17:37","guid":{"rendered":"https:\/\/grupotextil.es\/producto\/9519-projob-insole-low\/"},"modified":"2026-04-19T04:06:33","modified_gmt":"2026-04-19T02:06:33","slug":"9519-projob-insole-low","status":"publish","type":"product","link":"https:\/\/grupotextil.es\/ca\/product\/9519-projob-insole-low\/","title":{"rendered":"9519 PROJOB INSOLE, LOW"},"content":{"rendered":"<p>PROJOB 9519 es una plantilla que proporciona a tus pies el apoyo que necesitan. Las plantillas est\u00e1n disponibles en tres alturas de arco diferentes para que puedas elegir la que mejor se adapte a tus necesidades. Con materiales cuidadosamente seleccionados, las plantillas le proporcionan una combinaci\u00f3n \u00f3ptima de estabilidad, comodidad y recuperaci\u00f3n de energ\u00eda. Las suelas est\u00e1n fabricadas con una combinaci\u00f3n de v\u00e1stago din\u00e1mico de Customised, geldyna en el tal\u00f3n, PU y espuma de PU. Las plantillas son antiest\u00e1ticas \/ homologadas ESD.<\/p>\n<p>Previene el dolor en las extremidades inferiores. Corrector de postura.<\/p>\n<p>Alivio del dolor en problemas relacionados con los pies, por ejemplo, fascitis plantar.<\/p>\n<p>Alivio del dolor de rodilla, cadera y espalda. Ayuda en caso de sobrepronaci\u00f3n.<\/p>\n<p><strong>Composici\u00f3n:<\/strong> 1: Dynamic arch 2:  Gel pod 3: PU 4: Open cell PU | <strong>Tallas:<\/strong> 35-37-46-48<\/p>","protected":false},"excerpt":{"rendered":"<p>PROJOB 9519 es una plantilla que proporciona a tus pies el apoyo que necesitan. Las plantillas est\u00e1n disponibles en tres alturas de arco diferentes para que puedas elegir la que mejor se adapte a tus necesidades. Con materiales cuidadosamente selecci<\/p>","protected":false},"featured_media":234300,"comment_status":"open","ping_status":"closed","template":"","meta":{"_acf_changed":false},"product_brand":[10531],"product_cat":[15142],"product_tag":[],"class_list":{"0":"post-225714","1":"product","2":"type-product","3":"status-publish","4":"has-post-thumbnail","6":"product_brand-projob","7":"product_cat-calzado","8":"tm-no-options","10":"first","11":"instock","12":"taxable","13":"shipping-taxable","14":"product-type-variable"},"acf":[],"_links":{"self":[{"href":"https:\/\/grupotextil.es\/ca\/wp-json\/wp\/v2\/product\/225714","targetHints":{"allow":["GET"]}}],"collection":[{"href":"https:\/\/grupotextil.es\/ca\/wp-json\/wp\/v2\/product"}],"about":[{"href":"https:\/\/grupotextil.es\/ca\/wp-json\/wp\/v2\/types\/product"}],"replies":[{"embeddable":true,"href":"https:\/\/grupotextil.es\/ca\/wp-json\/wp\/v2\/comments?post=225714"}],"wp:featuredmedia":[{"embeddable":true,"href":"https:\/\/grupotextil.es\/ca\/wp-json\/wp\/v2\/media\/234300"}],"wp:attachment":[{"href":"https:\/\/grupotextil.es\/ca\/wp-json\/wp\/v2\/media?parent=225714"}],"wp:term":[{"taxonomy":"product_brand","embeddable":true,"href":"https:\/\/grupotextil.es\/ca\/wp-json\/wp\/v2\/product_brand?post=225714"},{"taxonomy":"product_cat","embeddable":true,"href":"https:\/\/grupotextil.es\/ca\/wp-json\/wp\/v2\/product_cat?post=225714"},{"taxonomy":"product_tag","embeddable":true,"href":"https:\/\/grupotextil.es\/ca\/wp-json\/wp\/v2\/product_tag?post=225714"}],"curies":[{"name":"wp","href":"https:\/\/api.w.org\/{rel}","templated":true}]}}