{"id":225749,"date":"2026-03-04T06:17:58","date_gmt":"2026-03-04T05:17:58","guid":{"rendered":"https:\/\/grupotextil.es\/producto\/overshirt\/"},"modified":"2026-04-26T04:05:28","modified_gmt":"2026-04-26T02:05:28","slug":"overshirt","status":"publish","type":"product","link":"https:\/\/grupotextil.es\/ca\/product\/overshirt\/","title":{"rendered":"Overshirt"},"content":{"rendered":"<p>Sobre camisa unisex resistente en tejido denim desgastado. Corte recto y holgado. Botones negros y gran bolsillo en el pecho. Mangas con pu\u00f1os y botones negros, canes\u00fa en la espalda. Etiqueta f\u00e1cilmente extra\u00edble.<\/p>\n<p><strong>Composici\u00f3n:<\/strong> 100% algod\u00f3n denim 9 oz | <strong>Peso:<\/strong> 305 g\/m2 | <strong>Tallas:<\/strong> XS-3XL<\/p>","protected":false},"excerpt":{"rendered":"<p>Sobre camisa unisex resistente en tejido denim desgastado. Corte recto y holgado. Botones negros y gran bolsillo en el pecho. Mangas con pu\u00f1os y botones negros, canes\u00fa en la espalda. Etiqueta f\u00e1cilmente extra\u00edble.<\/p>","protected":false},"featured_media":234315,"comment_status":"open","ping_status":"closed","template":"","meta":{"_acf_changed":false},"product_brand":[10446],"product_cat":[13995,15137],"product_tag":[],"class_list":{"0":"post-225749","1":"product","2":"type-product","3":"status-publish","4":"has-post-thumbnail","6":"product_brand-clique","7":"product_cat-n-camisetas","8":"product_cat-hombre-unisex-mujer","9":"tm-no-options","11":"first","12":"instock","13":"taxable","14":"shipping-taxable","15":"product-type-variable"},"acf":[],"_links":{"self":[{"href":"https:\/\/grupotextil.es\/ca\/wp-json\/wp\/v2\/product\/225749","targetHints":{"allow":["GET"]}}],"collection":[{"href":"https:\/\/grupotextil.es\/ca\/wp-json\/wp\/v2\/product"}],"about":[{"href":"https:\/\/grupotextil.es\/ca\/wp-json\/wp\/v2\/types\/product"}],"replies":[{"embeddable":true,"href":"https:\/\/grupotextil.es\/ca\/wp-json\/wp\/v2\/comments?post=225749"}],"wp:featuredmedia":[{"embeddable":true,"href":"https:\/\/grupotextil.es\/ca\/wp-json\/wp\/v2\/media\/234315"}],"wp:attachment":[{"href":"https:\/\/grupotextil.es\/ca\/wp-json\/wp\/v2\/media?parent=225749"}],"wp:term":[{"taxonomy":"product_brand","embeddable":true,"href":"https:\/\/grupotextil.es\/ca\/wp-json\/wp\/v2\/product_brand?post=225749"},{"taxonomy":"product_cat","embeddable":true,"href":"https:\/\/grupotextil.es\/ca\/wp-json\/wp\/v2\/product_cat?post=225749"},{"taxonomy":"product_tag","embeddable":true,"href":"https:\/\/grupotextil.es\/ca\/wp-json\/wp\/v2\/product_tag?post=225749"}],"curies":[{"name":"wp","href":"https:\/\/api.w.org\/{rel}","templated":true}]}}