{"id":225836,"date":"2026-03-04T06:18:47","date_gmt":"2026-03-04T05:18:47","guid":{"rendered":"https:\/\/grupotextil.es\/producto\/6535-shorts-hv-clase-2-1\/"},"modified":"2026-04-19T04:06:34","modified_gmt":"2026-04-19T02:06:34","slug":"6535-shorts-hv-clase-2-1","status":"publish","type":"product","link":"https:\/\/grupotextil.es\/ca\/product\/6535-shorts-hv-clase-2-1\/","title":{"rendered":"6535 SHORTS HV CLASE 2\/1"},"content":{"rendered":"<p>Pantalones cortos con bolsillos tipo funda que se pueden guardar en los bolsillos laterales, uno con un bolsillo adicional con cremallera y otro con trabillas para herramientas. Bolsillos traseros con solapa y cierre de velcro. Bolsillos en la pierna, en el lado izquierdo bolsillo extra ancho y  bolsillo interno para m\u00f3vil, tambi\u00e9n con gancho para sujetar la tarjeta de identificaci\u00f3n. En el lado derecho bolsillo para cinta m\u00e9trica y bolsillo con bot\u00f3n para herramientas. Dos trabillas para martillo, una a cada lado. Refuerzos en los bolsillos y en el interior del bolsillo para cinta m\u00e9trica para una mayor durabilidad.<\/p>\n<p><strong>Composici\u00f3n:<\/strong> 80% poli\u00e9ster, 20% algod\u00f3n | <strong>Peso:<\/strong> 245 g\/m\u00b2 | <strong>Tallas:<\/strong> C42-C62<\/p>","protected":false},"excerpt":{"rendered":"<p>Pantalones cortos con bolsillos tipo funda que se pueden guardar en los bolsillos laterales, uno con un bolsillo adicional con cremallera y otro con trabillas para herramientas. Bolsillos traseros con solapa y cierre de velcro. Bolsillos en la pierna<\/p>","protected":false},"featured_media":234353,"comment_status":"open","ping_status":"closed","template":"","meta":{"_acf_changed":false},"product_brand":[10531],"product_cat":[13983],"product_tag":[],"class_list":{"0":"post-225836","1":"product","2":"type-product","3":"status-publish","4":"has-post-thumbnail","6":"product_brand-projob","7":"product_cat-h-pantalones","8":"tm-no-options","10":"first","11":"instock","12":"taxable","13":"shipping-taxable","14":"product-type-variable"},"acf":[],"_links":{"self":[{"href":"https:\/\/grupotextil.es\/ca\/wp-json\/wp\/v2\/product\/225836","targetHints":{"allow":["GET"]}}],"collection":[{"href":"https:\/\/grupotextil.es\/ca\/wp-json\/wp\/v2\/product"}],"about":[{"href":"https:\/\/grupotextil.es\/ca\/wp-json\/wp\/v2\/types\/product"}],"replies":[{"embeddable":true,"href":"https:\/\/grupotextil.es\/ca\/wp-json\/wp\/v2\/comments?post=225836"}],"wp:featuredmedia":[{"embeddable":true,"href":"https:\/\/grupotextil.es\/ca\/wp-json\/wp\/v2\/media\/234353"}],"wp:attachment":[{"href":"https:\/\/grupotextil.es\/ca\/wp-json\/wp\/v2\/media?parent=225836"}],"wp:term":[{"taxonomy":"product_brand","embeddable":true,"href":"https:\/\/grupotextil.es\/ca\/wp-json\/wp\/v2\/product_brand?post=225836"},{"taxonomy":"product_cat","embeddable":true,"href":"https:\/\/grupotextil.es\/ca\/wp-json\/wp\/v2\/product_cat?post=225836"},{"taxonomy":"product_tag","embeddable":true,"href":"https:\/\/grupotextil.es\/ca\/wp-json\/wp\/v2\/product_tag?post=225836"}],"curies":[{"name":"wp","href":"https:\/\/api.w.org\/{rel}","templated":true}]}}