{"id":226027,"date":"2026-03-04T06:20:48","date_gmt":"2026-03-04T05:20:48","guid":{"rendered":"https:\/\/grupotextil.es\/producto\/nordlite-ultra-2-m\/"},"modified":"2026-04-19T04:06:35","modified_gmt":"2026-04-19T02:06:35","slug":"nordlite-ultra-2-m","status":"publish","type":"product","link":"https:\/\/grupotextil.es\/ca\/product\/nordlite-ultra-2-m\/","title":{"rendered":"Nordlite Ultra 2 M"},"content":{"rendered":"<p>Nordlite Ultra 2 es una zapatilla de running muy vers\u00e1til que va de la carretera al sendero, con una parte superior reforzada con TPU que mejora la experiencia tanto de los atletas de \u00e9lite como de los de uso diario durante las carreras de larga distancia.<\/p>\n<p>Esta zapatilla de running innovadora cuenta con una entresuela completa de Cr Foam\u2122, que proporciona amortiguaci\u00f3n y estabilidad con un peso reducido y un rebote explosivo. Su espuma tiene un proceso de producci\u00f3n muy complejo, ya que se reduce a una \u00fanica inyecci\u00f3n para ofrecer mayores atributos de rendimiento al material de la entresuela, que es reutilizable y no t\u00f3xico. Con el mejor rendimiento y comodidad de su clase, la zapatilla se asienta sobre una suela de tracci\u00f3n HyperGrip especialmente dise\u00f1ada tanto para el duro asfalto como para senderos livianos. Adem\u00e1s, la parte superior presenta una malla de ingenier\u00eda de una sola capa, ligera, c\u00f3moda y duradera, reforzada con revestimiento de TPU. Adem\u00e1s, esta nueva versi\u00f3n introduce un tal\u00f3n m\u00e1s blando para mejorar la comodidad, un ajuste m\u00e1s seguro en la parte superior y una mayor durabilidad general.<\/p>\n<p>Cr Foam\u2122<\/p>\n<p>Cr Foam\u2122 es una espuma ultraligera para la entresuela fabricada con materiales preferentes que proporciona un excelente retorno de la energ\u00eda, ofreciendo una pisada y una sensaci\u00f3n suaves como una almohada en una gran variedad de terrenos. La espuma se fabrica con una tecnolog\u00eda avanzada que incluye un proceso no t\u00f3xico sin productos qu\u00edmicos a\u00f1adidos a las materias primas. Adem\u00e1s, los elementos se integran totalmente con altas temperaturas y presi\u00f3n, lo que magnifica las cualidades de la espuma para proporcionar un nivel de rendimiento mayor.<\/p>\n<p>Craft Endurance Fit\u00ae<\/p>\n<p>Craft Endurance Fit\u00ae presenta un tal\u00f3n estrecho, sujeci\u00f3n en el mediopi\u00e9 y un antepi\u00e9 espacioso. La estrecha talonera evita totalmente el deslizamiento, lo que proporciona una estabilidad inigualable en todo tipo de terrenos. El dise\u00f1o de sujeci\u00f3n del mediopi\u00e9 ofrece un ajuste seguro, aumentando la confianza en cada zancada. Adem\u00e1s, el amplio antepi\u00e9 permite el movimiento natural de los dedos y los metatarsos, lo que aumenta a\u00fan m\u00e1s el confort.<\/p>\n<p>\u2022 Parte superior de malla fabricada con un 50\u00a0% de poli\u00e9ster reciclado<\/p>\n<p>\u2022 Parte superior reforzada con TPU<\/p>\n<p>\u2022 Entresuela de espuma Cr Foam\u2122 ligera y muy reactiva<\/p>\n<p>\u2022 Suela de alta tracci\u00f3n HyperGrip<\/p>\n<p>\u2022 Plantilla Ortholite\u2122 de alto rebote fabricada con un 30\u00a0% de espuma reciclada.<\/p>\n<p>\u2022 Plantilla fabricada con un 50\u00a0% de material reciclado<\/p>\n<p>\u2022 Craft Endurance Fit\u00ae<\/p>\n<p>\u2022 Peso: 321\u00a0g en talla UK8<\/p>\n<p>\u2022 Tal\u00f3n 40\u00a0mm, antepi\u00e9 34\u00a0mm incl. plantilla<\/p>\n<p>\u2022 Ca\u00edda 6 mm<\/p>\n<p><strong>Composici\u00f3n:<\/strong> Upper 45% Poli\u00e9ster reciclado, 43% Poli\u00e9ster, 11% TPU, 1% Spandex, Padding 100% Poliuretano, Lining 100% Poli\u00e9ster reciclado, Insole Board 100% Poli\u00e9ster, Insole 95% Poliuretano, 5% Poli\u00e9ster reciclado, Midsole 100% EVA Foam Super Critical, Midsole insert, 100% Nylon, Outsole 100% Rubber | <strong>Tallas:<\/strong> 6 (39,5)-14 (49,5)<\/p>","protected":false},"excerpt":{"rendered":"<p>Nordlite Ultra 2 es una zapatilla de running muy vers\u00e1til que va de la carretera al sendero, con una parte superior reforzada con TPU que mejora la experiencia tanto de los atletas de \u00e9lite como de los de uso diario durante las carreras de larga dist<\/p>","protected":false},"featured_media":234446,"comment_status":"open","ping_status":"closed","template":"","meta":{"_acf_changed":false},"product_brand":[10489],"product_cat":[15142],"product_tag":[],"class_list":{"0":"post-226027","1":"product","2":"type-product","3":"status-publish","4":"has-post-thumbnail","6":"product_brand-craft","7":"product_cat-calzado","8":"tm-no-options","10":"first","11":"instock","12":"taxable","13":"shipping-taxable","14":"product-type-variable"},"acf":[],"_links":{"self":[{"href":"https:\/\/grupotextil.es\/ca\/wp-json\/wp\/v2\/product\/226027","targetHints":{"allow":["GET"]}}],"collection":[{"href":"https:\/\/grupotextil.es\/ca\/wp-json\/wp\/v2\/product"}],"about":[{"href":"https:\/\/grupotextil.es\/ca\/wp-json\/wp\/v2\/types\/product"}],"replies":[{"embeddable":true,"href":"https:\/\/grupotextil.es\/ca\/wp-json\/wp\/v2\/comments?post=226027"}],"wp:featuredmedia":[{"embeddable":true,"href":"https:\/\/grupotextil.es\/ca\/wp-json\/wp\/v2\/media\/234446"}],"wp:attachment":[{"href":"https:\/\/grupotextil.es\/ca\/wp-json\/wp\/v2\/media?parent=226027"}],"wp:term":[{"taxonomy":"product_brand","embeddable":true,"href":"https:\/\/grupotextil.es\/ca\/wp-json\/wp\/v2\/product_brand?post=226027"},{"taxonomy":"product_cat","embeddable":true,"href":"https:\/\/grupotextil.es\/ca\/wp-json\/wp\/v2\/product_cat?post=226027"},{"taxonomy":"product_tag","embeddable":true,"href":"https:\/\/grupotextil.es\/ca\/wp-json\/wp\/v2\/product_tag?post=226027"}],"curies":[{"name":"wp","href":"https:\/\/api.w.org\/{rel}","templated":true}]}}