{"id":226161,"date":"2026-03-04T06:22:08","date_gmt":"2026-03-04T05:22:08","guid":{"rendered":"https:\/\/grupotextil.es\/producto\/ultra\/"},"modified":"2026-04-19T04:06:36","modified_gmt":"2026-04-19T02:06:36","slug":"ultra","status":"publish","type":"product","link":"https:\/\/grupotextil.es\/ca\/product\/ultra\/","title":{"rendered":"Ultra"},"content":{"rendered":"<p>Pantal\u00f3n de trabajo de aspecto deportivo y moderno. Puede convertirse en pantal\u00f3n corto al tener cremallera en las piernas. Los pantalones son muy c\u00f3modos gracias a su elasticidad y a la cintura el\u00e1stica. Dos bolsillos vaqueros delanteros. Dos bolsillos con cremallera en los muslos y un bolsillo trasero. Lazo para colgar en la cintura. Se puede alargar el pantal\u00f3n 5 cm gracias al dobladillo. Se entrega en una bolsa biodegradable y compostable.<\/p>\n<p><strong>Composici\u00f3n:<\/strong> 92% Poliamida reciclada, 8% Elastano, 265 g\/m\u00b2 | <strong>Peso:<\/strong> 265 g\/m\u00b2 | <strong>Tallas:<\/strong> C44-C64<\/p>","protected":false},"excerpt":{"rendered":"<p>Pantal\u00f3n de trabajo de aspecto deportivo y moderno. Puede convertirse en pantal\u00f3n corto al tener cremallera en las piernas. Los pantalones son muy c\u00f3modos gracias a su elasticidad y a la cintura el\u00e1stica. Dos bolsillos vaqueros delanteros. Dos bolsil<\/p>","protected":false},"featured_media":234510,"comment_status":"open","ping_status":"closed","template":"","meta":{"_acf_changed":false},"product_brand":[10522],"product_cat":[13983],"product_tag":[],"class_list":{"0":"post-226161","1":"product","2":"type-product","3":"status-publish","4":"has-post-thumbnail","6":"product_brand-printer","7":"product_cat-h-pantalones","8":"tm-no-options","10":"first","11":"instock","12":"taxable","13":"shipping-taxable","14":"product-type-variable"},"acf":[],"_links":{"self":[{"href":"https:\/\/grupotextil.es\/ca\/wp-json\/wp\/v2\/product\/226161","targetHints":{"allow":["GET"]}}],"collection":[{"href":"https:\/\/grupotextil.es\/ca\/wp-json\/wp\/v2\/product"}],"about":[{"href":"https:\/\/grupotextil.es\/ca\/wp-json\/wp\/v2\/types\/product"}],"replies":[{"embeddable":true,"href":"https:\/\/grupotextil.es\/ca\/wp-json\/wp\/v2\/comments?post=226161"}],"wp:featuredmedia":[{"embeddable":true,"href":"https:\/\/grupotextil.es\/ca\/wp-json\/wp\/v2\/media\/234510"}],"wp:attachment":[{"href":"https:\/\/grupotextil.es\/ca\/wp-json\/wp\/v2\/media?parent=226161"}],"wp:term":[{"taxonomy":"product_brand","embeddable":true,"href":"https:\/\/grupotextil.es\/ca\/wp-json\/wp\/v2\/product_brand?post=226161"},{"taxonomy":"product_cat","embeddable":true,"href":"https:\/\/grupotextil.es\/ca\/wp-json\/wp\/v2\/product_cat?post=226161"},{"taxonomy":"product_tag","embeddable":true,"href":"https:\/\/grupotextil.es\/ca\/wp-json\/wp\/v2\/product_tag?post=226161"}],"curies":[{"name":"wp","href":"https:\/\/api.w.org\/{rel}","templated":true}]}}