{"id":226165,"date":"2026-03-04T06:22:10","date_gmt":"2026-03-04T05:22:10","guid":{"rendered":"https:\/\/grupotextil.es\/producto\/merino-u-woman\/"},"modified":"2026-04-19T04:06:36","modified_gmt":"2026-04-19T02:06:36","slug":"merino-u-woman","status":"publish","type":"product","link":"https:\/\/grupotextil.es\/ca\/product\/merino-u-woman\/","title":{"rendered":"Merino U Woman"},"content":{"rendered":"<p>Jersey con generoso cuello en U sin canal\u00e9. Perfecto para llevarlo solo o encima de una camisa.<\/p>\n<p>Hemos mezclado hilo extrafino de lana y algod\u00f3n para conseguir una prenda para todas las estaciones con los beneficios de ambas fibras naturales. Para mantener nuestra labor responsable como marca, utilizamos lana certificada y algod\u00f3n U.S Pima de fibra larga cuidadosamente seleccionada. Se trata de un hilo compacto con una torsi\u00f3n extra alta. Hemos a\u00f1adido un tratamiento de \u00absuperlavado\u00bb para reducir la formaci\u00f3n de pilling. De esta forma nos aseguramos una alta calidad, un tacto suave y un alto rendimiento. El jersey se puede lavar a m\u00e1quina, pero tenga en cuenta que se trata de una prenda de Merino, que tiene la ventaja de no necesitar lavados frecuentes. Basta con dejarla airear despu\u00e9s de usarla.<\/p>\n<p><strong>Composici\u00f3n:<\/strong> 70% lana Merino certificada\/ 30% algod\u00f3n Pima de fibra larga | <strong>Tallas:<\/strong> XS-3XL<\/p>","protected":false},"excerpt":{"rendered":"<p>Jersey con generoso cuello en U sin canal\u00e9. Perfecto para llevarlo solo o encima de una camisa.<\/p>","protected":false},"featured_media":234513,"comment_status":"open","ping_status":"closed","template":"","meta":{"_acf_changed":false},"product_brand":[10563],"product_cat":[15147],"product_tag":[],"class_list":{"0":"post-226165","1":"product","2":"type-product","3":"status-publish","4":"has-post-thumbnail","6":"product_brand-j-harvest-frost","7":"product_cat-new-wave","8":"tm-no-options","10":"first","11":"instock","12":"taxable","13":"shipping-taxable","14":"product-type-variable"},"acf":[],"_links":{"self":[{"href":"https:\/\/grupotextil.es\/ca\/wp-json\/wp\/v2\/product\/226165","targetHints":{"allow":["GET"]}}],"collection":[{"href":"https:\/\/grupotextil.es\/ca\/wp-json\/wp\/v2\/product"}],"about":[{"href":"https:\/\/grupotextil.es\/ca\/wp-json\/wp\/v2\/types\/product"}],"replies":[{"embeddable":true,"href":"https:\/\/grupotextil.es\/ca\/wp-json\/wp\/v2\/comments?post=226165"}],"wp:featuredmedia":[{"embeddable":true,"href":"https:\/\/grupotextil.es\/ca\/wp-json\/wp\/v2\/media\/234513"}],"wp:attachment":[{"href":"https:\/\/grupotextil.es\/ca\/wp-json\/wp\/v2\/media?parent=226165"}],"wp:term":[{"taxonomy":"product_brand","embeddable":true,"href":"https:\/\/grupotextil.es\/ca\/wp-json\/wp\/v2\/product_brand?post=226165"},{"taxonomy":"product_cat","embeddable":true,"href":"https:\/\/grupotextil.es\/ca\/wp-json\/wp\/v2\/product_cat?post=226165"},{"taxonomy":"product_tag","embeddable":true,"href":"https:\/\/grupotextil.es\/ca\/wp-json\/wp\/v2\/product_tag?post=226165"}],"curies":[{"name":"wp","href":"https:\/\/api.w.org\/{rel}","templated":true}]}}