{"id":226172,"date":"2026-03-04T06:22:14","date_gmt":"2026-03-04T05:22:14","guid":{"rendered":"https:\/\/grupotextil.es\/producto\/2555-pantalon-corto-elastico-mujer\/"},"modified":"2026-04-19T04:06:36","modified_gmt":"2026-04-19T02:06:36","slug":"2555-pantalon-corto-elastico-mujer","status":"publish","type":"product","link":"https:\/\/grupotextil.es\/ca\/product\/2555-pantalon-corto-elastico-mujer\/","title":{"rendered":"2555 PANTAL\u00d3N CORTO EL\u00c1STICO MUJER"},"content":{"rendered":"<p>Pantal\u00f3n corto con gran flexibilidad. Tela el\u00e1stica en la entrepierna para brindar mayor libertad de movimiento. Bolsillos en las piernas con cremallera, uno izquierdo con bolsillo interno para m\u00f3vil y en el bolsillo lateral derecho con trabilla interna para tarjeta identificativa. Trabilla de cintur\u00f3n m\u00e1s ancha en la parte posterior para evitar la presi\u00f3n del cintur\u00f3n. Bolsillos traseros con solapa y cierre de velcro. Accesorio oculto para bolsillos de funda (ref. art\u00edculo 9042). Bot\u00f3n oculto en la parte delantera.<\/p>\n<p><strong>Composici\u00f3n:<\/strong> Tejido 1: 65% Poli\u00e9ster, 35% Algod\u00f3n 230g\/m2 Material Tejido 2: 92% Nylon, 8% Spandex 245 g\/m2 | <strong>Peso:<\/strong> 230 g\/m\u00b2 | <strong>Tallas:<\/strong> C32-C50<\/p>","protected":false},"excerpt":{"rendered":"<p>Pantal\u00f3n corto con gran flexibilidad. Tela el\u00e1stica en la entrepierna para brindar mayor libertad de movimiento. Bolsillos en las piernas con cremallera, uno izquierdo con bolsillo interno para m\u00f3vil y en el bolsillo lateral derecho con trabilla inte<\/p>","protected":false},"featured_media":234517,"comment_status":"open","ping_status":"closed","template":"","meta":{"_acf_changed":false},"product_brand":[10531],"product_cat":[13983],"product_tag":[],"class_list":{"0":"post-226172","1":"product","2":"type-product","3":"status-publish","4":"has-post-thumbnail","6":"product_brand-projob","7":"product_cat-h-pantalones","8":"tm-no-options","10":"first","11":"instock","12":"taxable","13":"shipping-taxable","14":"product-type-variable"},"acf":[],"_links":{"self":[{"href":"https:\/\/grupotextil.es\/ca\/wp-json\/wp\/v2\/product\/226172","targetHints":{"allow":["GET"]}}],"collection":[{"href":"https:\/\/grupotextil.es\/ca\/wp-json\/wp\/v2\/product"}],"about":[{"href":"https:\/\/grupotextil.es\/ca\/wp-json\/wp\/v2\/types\/product"}],"replies":[{"embeddable":true,"href":"https:\/\/grupotextil.es\/ca\/wp-json\/wp\/v2\/comments?post=226172"}],"wp:featuredmedia":[{"embeddable":true,"href":"https:\/\/grupotextil.es\/ca\/wp-json\/wp\/v2\/media\/234517"}],"wp:attachment":[{"href":"https:\/\/grupotextil.es\/ca\/wp-json\/wp\/v2\/media?parent=226172"}],"wp:term":[{"taxonomy":"product_brand","embeddable":true,"href":"https:\/\/grupotextil.es\/ca\/wp-json\/wp\/v2\/product_brand?post=226172"},{"taxonomy":"product_cat","embeddable":true,"href":"https:\/\/grupotextil.es\/ca\/wp-json\/wp\/v2\/product_cat?post=226172"},{"taxonomy":"product_tag","embeddable":true,"href":"https:\/\/grupotextil.es\/ca\/wp-json\/wp\/v2\/product_tag?post=226172"}],"curies":[{"name":"wp","href":"https:\/\/api.w.org\/{rel}","templated":true}]}}