{"id":226183,"date":"2026-03-04T06:22:20","date_gmt":"2026-03-04T05:22:20","guid":{"rendered":"https:\/\/grupotextil.es\/producto\/classic-shell-jacket\/"},"modified":"2026-04-19T04:06:36","modified_gmt":"2026-04-19T02:06:36","slug":"classic-shell-jacket","status":"publish","type":"product","link":"https:\/\/grupotextil.es\/ca\/product\/classic-shell-jacket\/","title":{"rendered":"Classic Shell Jacket"},"content":{"rendered":"<p>Chaqueta altamente funcional en poli\u00e9ster 100% reciclado. Todas las cremalleras exteriores son resistente al agua. 2 bolsillos exteriores con cremallera y 2 bolsillos interiores. Capucha enrollable con cord\u00f3n, pu\u00f1os ajustables con velcro y cord\u00f3n en la parte inferior. Costuras selladas. WP 10000 \/ MVP 800<\/p>\n<p><strong>Composici\u00f3n:<\/strong> 100% Poli\u00e9ster reciclado, laminado con tricot | <strong>Peso:<\/strong> 125 g\/m2 | <strong>Tallas:<\/strong> XS-4XL<\/p>","protected":false},"excerpt":{"rendered":"<p>Chaqueta altamente funcional en poli\u00e9ster 100% reciclado. Todas las cremalleras exteriores son resistente al agua. 2 bolsillos exteriores con cremallera y 2 bolsillos interiores. Capucha enrollable con cord\u00f3n, pu\u00f1os ajustables con velcro y cord\u00f3n en<\/p>","protected":false},"featured_media":234523,"comment_status":"open","ping_status":"closed","template":"","meta":{"_acf_changed":false},"product_brand":[10446],"product_cat":[13998],"product_tag":[],"class_list":{"0":"post-226183","1":"product","2":"type-product","3":"status-publish","4":"has-post-thumbnail","6":"product_brand-clique","7":"product_cat-n-chaquetas","8":"tm-no-options","10":"first","11":"instock","12":"taxable","13":"shipping-taxable","14":"product-type-variable"},"acf":[],"_links":{"self":[{"href":"https:\/\/grupotextil.es\/ca\/wp-json\/wp\/v2\/product\/226183","targetHints":{"allow":["GET"]}}],"collection":[{"href":"https:\/\/grupotextil.es\/ca\/wp-json\/wp\/v2\/product"}],"about":[{"href":"https:\/\/grupotextil.es\/ca\/wp-json\/wp\/v2\/types\/product"}],"replies":[{"embeddable":true,"href":"https:\/\/grupotextil.es\/ca\/wp-json\/wp\/v2\/comments?post=226183"}],"wp:featuredmedia":[{"embeddable":true,"href":"https:\/\/grupotextil.es\/ca\/wp-json\/wp\/v2\/media\/234523"}],"wp:attachment":[{"href":"https:\/\/grupotextil.es\/ca\/wp-json\/wp\/v2\/media?parent=226183"}],"wp:term":[{"taxonomy":"product_brand","embeddable":true,"href":"https:\/\/grupotextil.es\/ca\/wp-json\/wp\/v2\/product_brand?post=226183"},{"taxonomy":"product_cat","embeddable":true,"href":"https:\/\/grupotextil.es\/ca\/wp-json\/wp\/v2\/product_cat?post=226183"},{"taxonomy":"product_tag","embeddable":true,"href":"https:\/\/grupotextil.es\/ca\/wp-json\/wp\/v2\/product_tag?post=226183"}],"curies":[{"name":"wp","href":"https:\/\/api.w.org\/{rel}","templated":true}]}}