{"id":226187,"date":"2026-03-04T06:22:22","date_gmt":"2026-03-04T05:22:22","guid":{"rendered":"https:\/\/grupotextil.es\/producto\/basic-active-pants\/"},"modified":"2026-04-19T04:06:36","modified_gmt":"2026-04-19T02:06:36","slug":"basic-active-pants","status":"publish","type":"product","link":"https:\/\/grupotextil.es\/ca\/product\/basic-active-pants\/","title":{"rendered":"Basic Active Pants"},"content":{"rendered":"<p>Pantal\u00f3n deportivo Spun dye unisex. Cintura el\u00e1stica con cord\u00f3n. Dos bolsillos frontales con cremallera, pierna el\u00e1stica con cremallera. De f\u00e1cil re etiquetado.<\/p>\n<p><strong>Composici\u00f3n:<\/strong> 100% Poli\u00e9ster | <strong>Peso:<\/strong> 280 g\/m2 | <strong>Tallas:<\/strong> XS-4XL<\/p>","protected":false},"excerpt":{"rendered":"<p>Pantal\u00f3n deportivo Spun dye unisex. Cintura el\u00e1stica con cord\u00f3n. Dos bolsillos frontales con cremallera, pierna el\u00e1stica con cremallera. De f\u00e1cil re etiquetado.<\/p>","protected":false},"featured_media":234525,"comment_status":"open","ping_status":"closed","template":"","meta":{"_acf_changed":false},"product_brand":[10446],"product_cat":[15137,13983,13980],"product_tag":[],"class_list":{"0":"post-226187","1":"product","2":"type-product","3":"status-publish","4":"has-post-thumbnail","6":"product_brand-clique","7":"product_cat-hombre-unisex-mujer","8":"product_cat-h-pantalones","9":"product_cat-h-sudaderas","10":"tm-no-options","12":"first","13":"instock","14":"taxable","15":"shipping-taxable","16":"product-type-variable"},"acf":[],"_links":{"self":[{"href":"https:\/\/grupotextil.es\/ca\/wp-json\/wp\/v2\/product\/226187","targetHints":{"allow":["GET"]}}],"collection":[{"href":"https:\/\/grupotextil.es\/ca\/wp-json\/wp\/v2\/product"}],"about":[{"href":"https:\/\/grupotextil.es\/ca\/wp-json\/wp\/v2\/types\/product"}],"replies":[{"embeddable":true,"href":"https:\/\/grupotextil.es\/ca\/wp-json\/wp\/v2\/comments?post=226187"}],"wp:featuredmedia":[{"embeddable":true,"href":"https:\/\/grupotextil.es\/ca\/wp-json\/wp\/v2\/media\/234525"}],"wp:attachment":[{"href":"https:\/\/grupotextil.es\/ca\/wp-json\/wp\/v2\/media?parent=226187"}],"wp:term":[{"taxonomy":"product_brand","embeddable":true,"href":"https:\/\/grupotextil.es\/ca\/wp-json\/wp\/v2\/product_brand?post=226187"},{"taxonomy":"product_cat","embeddable":true,"href":"https:\/\/grupotextil.es\/ca\/wp-json\/wp\/v2\/product_cat?post=226187"},{"taxonomy":"product_tag","embeddable":true,"href":"https:\/\/grupotextil.es\/ca\/wp-json\/wp\/v2\/product_tag?post=226187"}],"curies":[{"name":"wp","href":"https:\/\/api.w.org\/{rel}","templated":true}]}}