{"id":226273,"date":"2026-03-04T06:23:11","date_gmt":"2026-03-04T05:23:11","guid":{"rendered":"https:\/\/grupotextil.es\/producto\/endurance-3-m\/"},"modified":"2026-04-19T04:06:37","modified_gmt":"2026-04-19T02:06:37","slug":"endurance-3-m","status":"publish","type":"product","link":"https:\/\/grupotextil.es\/ca\/product\/endurance-3-m\/","title":{"rendered":"Endurance 3 M"},"content":{"rendered":"<p>Con una transpirabilidad mejorada y caracter\u00edsticas de apoyo, la Endurance 3 es la zapatilla todoterreno perfecta para los corredores que se enfrentan a diversos terrenos y condiciones. Ofrece un confort y un rendimiento excepcionales, y es la elecci\u00f3n preferida para las carreras diarias para una amplia gama de corredores.<\/p>\n<p>Esta zapatilla de alto rendimiento est\u00e1 equipada con una entresuela completa de Px Foam\u2122 que garantiza un despegue explosivo de la puntera y aterrizajes suaves, promoviendo una zancada m\u00e1s suave y eficiente. La parte superior de malla dise\u00f1ada por expertos ofrece un ajuste ce\u00f1ido y adaptable que proporciona una comodidad y una sujeci\u00f3n inigualables en cada zancada. Su dise\u00f1o elegante y aerodin\u00e1mico aumenta la velocidad y la agilidad, ayud\u00e1ndote a alcanzar tus objetivos m\u00e1s r\u00e1pidamente. Fabricada tanto para carretera como para senderos ligeros, las Endurance 3 ofrecen un ajuste c\u00f3modo desde el primer momento, lo que las convierte en la elecci\u00f3n ideal para atletas de \u00e9lite y entusiastas del running en busca de unas compa\u00f1eras fiable y de alto rendimiento para sus carreras diarias.<\/p>\n<p>Px Foam\u2122<\/p>\n<p>Px Foam\u2122 es un material de entresuela ultraligero que destaca por su retorno de energ\u00eda, absorci\u00f3n de impactos y flexibilidad. Elaborado con un \u00fanico agente espumante natural, este innovador material se produce sin reticulantes qu\u00edmicos, lo que garantiza un proceso no t\u00f3xico. Adem\u00e1s, las materias primas y los materiales acabados son totalmente reutilizables. La espuma de alto rendimiento tiene una densidad extremadamente baja, por lo que es hasta un 20\u00a0% m\u00e1s ligera que la EVA tradicional. El peso reducido combinado con un rebote explosivo hacen que Px Foam\u2122 sea perfecto para cada carrera.<\/p>\n<p>Craft Endurance Fit\u00ae<\/p>\n<p>Craft Endurance Fit\u00ae presenta un tal\u00f3n estrecho, sujeci\u00f3n en el mediopi\u00e9 y un antepi\u00e9 espacioso. La estrecha talonera evita totalmente el deslizamiento, lo que proporciona una estabilidad inigualable en todo tipo de terrenos. El dise\u00f1o de sujeci\u00f3n del mediopi\u00e9 ofrece un ajuste seguro, aumentando la confianza en cada zancada. Adem\u00e1s, el amplio antepi\u00e9 permite el movimiento natural de los dedos y los metatarsos, lo que aumenta a\u00fan m\u00e1s el confort.<\/p>\n<p>\u2022 Parte superior de malla de ingenier\u00eda de una sola pieza muy transpirable y que proporciona sujeci\u00f3n<\/p>\n<p>\u2022 Entresuela de Px Foam\u2122: retorno de energ\u00eda superior.<\/p>\n<p>\u2022 Chasis contorneado para reducir el peso y ofrecer mayor comodidad<\/p>\n<p>\u2022 Suela de alta tracci\u00f3n para carretera y senderos ligeros<\/p>\n<p>\u2022 Craft Endurance Fit\u00ae<\/p>\n<p>\u2022 Peso: 265\u00a0g en talla UK8<\/p>\n<p>\u2022 Tal\u00f3n 38\u00a0mm, antepi\u00e9 29\u00a0mm incl. plantilla<\/p>\n<p>\u2022 Inclinaci\u00f3n: 9\u00a0mm<\/p>\n<p><strong>Composici\u00f3n:<\/strong> Upper 40% Polyester Recycled, 38% Polyester, 19% Polyurethane, 3% Nylon, Padding 100% Polyester, Lining 100% Polyester Recycled, Insole Board 75% Polyester Recycled, 25%Polyester, Insole 50% Polyester Recycled, 50% Polyester, Laces 100% Polyester Recycled, Midsole 100% ETPU Foam, Outsole100% Rubber | <strong>Tallas:<\/strong> 6 (39,5)-14 (49,5)<\/p>","protected":false},"excerpt":{"rendered":"<p>Con una transpirabilidad mejorada y caracter\u00edsticas de apoyo, la Endurance 3 es la zapatilla todoterreno perfecta para los corredores que se enfrentan a diversos terrenos y condiciones. Ofrece un confort y un rendimiento excepcionales, y es la elecci<\/p>","protected":false},"featured_media":234565,"comment_status":"open","ping_status":"closed","template":"","meta":{"_acf_changed":false},"product_brand":[10489],"product_cat":[15142,15143],"product_tag":[],"class_list":{"0":"post-226273","1":"product","2":"type-product","3":"status-publish","4":"has-post-thumbnail","6":"product_brand-craft","7":"product_cat-calzado","8":"product_cat-running","9":"tm-no-options","11":"first","12":"instock","13":"taxable","14":"shipping-taxable","15":"product-type-variable"},"acf":[],"_links":{"self":[{"href":"https:\/\/grupotextil.es\/ca\/wp-json\/wp\/v2\/product\/226273","targetHints":{"allow":["GET"]}}],"collection":[{"href":"https:\/\/grupotextil.es\/ca\/wp-json\/wp\/v2\/product"}],"about":[{"href":"https:\/\/grupotextil.es\/ca\/wp-json\/wp\/v2\/types\/product"}],"replies":[{"embeddable":true,"href":"https:\/\/grupotextil.es\/ca\/wp-json\/wp\/v2\/comments?post=226273"}],"wp:featuredmedia":[{"embeddable":true,"href":"https:\/\/grupotextil.es\/ca\/wp-json\/wp\/v2\/media\/234565"}],"wp:attachment":[{"href":"https:\/\/grupotextil.es\/ca\/wp-json\/wp\/v2\/media?parent=226273"}],"wp:term":[{"taxonomy":"product_brand","embeddable":true,"href":"https:\/\/grupotextil.es\/ca\/wp-json\/wp\/v2\/product_brand?post=226273"},{"taxonomy":"product_cat","embeddable":true,"href":"https:\/\/grupotextil.es\/ca\/wp-json\/wp\/v2\/product_cat?post=226273"},{"taxonomy":"product_tag","embeddable":true,"href":"https:\/\/grupotextil.es\/ca\/wp-json\/wp\/v2\/product_tag?post=226273"}],"curies":[{"name":"wp","href":"https:\/\/api.w.org\/{rel}","templated":true}]}}