{"id":226282,"date":"2026-03-04T06:23:17","date_gmt":"2026-03-04T05:23:17","guid":{"rendered":"https:\/\/grupotextil.es\/producto\/basic-active-pants-junior\/"},"modified":"2026-04-19T04:06:37","modified_gmt":"2026-04-19T02:06:37","slug":"basic-active-pants-junior","status":"publish","type":"product","link":"https:\/\/grupotextil.es\/ca\/product\/basic-active-pants-junior\/","title":{"rendered":"Basic Active Pants Junior"},"content":{"rendered":"<p>Pantal\u00f3n junior spun dyed. Dos bolsillos delanteros y tobillos el\u00e1sticos. El tama\u00f1o 90\/100 est\u00e1 hecho sin cord\u00f3n para mejorar la seguridad de los ni\u00f1os. Incluye etiqueta de f\u00e1cil re etiquetado.<\/p>\n<p><strong>Composici\u00f3n:<\/strong> 100% Poli\u00e9ster Spun Dyed | <strong>Peso:<\/strong> 280 g\/m2 | <strong>Tallas:<\/strong> 100 (3-5 A\u00f1os)-160 (12-14 A\u00f1os)<\/p>","protected":false},"excerpt":{"rendered":"<p>Pantal\u00f3n junior spun dyed. Dos bolsillos delanteros y tobillos el\u00e1sticos. El tama\u00f1o 90\/100 est\u00e1 hecho sin cord\u00f3n para mejorar la seguridad de los ni\u00f1os. Incluye etiqueta de f\u00e1cil re etiquetado.<\/p>","protected":false},"featured_media":234571,"comment_status":"open","ping_status":"closed","template":"","meta":{"_acf_changed":false},"product_brand":[10446],"product_cat":[13983,13980],"product_tag":[],"class_list":{"0":"post-226282","1":"product","2":"type-product","3":"status-publish","4":"has-post-thumbnail","6":"product_brand-clique","7":"product_cat-h-pantalones","8":"product_cat-h-sudaderas","9":"tm-no-options","11":"first","12":"instock","13":"taxable","14":"shipping-taxable","15":"product-type-variable"},"acf":[],"_links":{"self":[{"href":"https:\/\/grupotextil.es\/ca\/wp-json\/wp\/v2\/product\/226282","targetHints":{"allow":["GET"]}}],"collection":[{"href":"https:\/\/grupotextil.es\/ca\/wp-json\/wp\/v2\/product"}],"about":[{"href":"https:\/\/grupotextil.es\/ca\/wp-json\/wp\/v2\/types\/product"}],"replies":[{"embeddable":true,"href":"https:\/\/grupotextil.es\/ca\/wp-json\/wp\/v2\/comments?post=226282"}],"wp:featuredmedia":[{"embeddable":true,"href":"https:\/\/grupotextil.es\/ca\/wp-json\/wp\/v2\/media\/234571"}],"wp:attachment":[{"href":"https:\/\/grupotextil.es\/ca\/wp-json\/wp\/v2\/media?parent=226282"}],"wp:term":[{"taxonomy":"product_brand","embeddable":true,"href":"https:\/\/grupotextil.es\/ca\/wp-json\/wp\/v2\/product_brand?post=226282"},{"taxonomy":"product_cat","embeddable":true,"href":"https:\/\/grupotextil.es\/ca\/wp-json\/wp\/v2\/product_cat?post=226282"},{"taxonomy":"product_tag","embeddable":true,"href":"https:\/\/grupotextil.es\/ca\/wp-json\/wp\/v2\/product_tag?post=226282"}],"curies":[{"name":"wp","href":"https:\/\/api.w.org\/{rel}","templated":true}]}}