{"id":226333,"date":"2026-03-04T06:23:50","date_gmt":"2026-03-04T05:23:50","guid":{"rendered":"https:\/\/grupotextil.es\/producto\/transparent-waterbottle\/"},"modified":"2026-04-19T04:06:37","modified_gmt":"2026-04-19T02:06:37","slug":"transparent-waterbottle","status":"publish","type":"product","link":"https:\/\/grupotextil.es\/ca\/product\/transparent-waterbottle\/","title":{"rendered":"Transparent Waterbottle"},"content":{"rendered":"<p>Botella de agua transparente con agarre de goma y tapa abatible dise\u00f1ada para permitir una hidrataci\u00f3n r\u00e1pida y f\u00e1cil durante los entrenamientos. Gancho en la parte superior.<\/p>\n<p><strong>Composici\u00f3n:<\/strong> 100% Poliamida | <strong>Tallas:<\/strong> UD<\/p>","protected":false},"excerpt":{"rendered":"<p>Botella de agua transparente con agarre de goma y tapa abatible dise\u00f1ada para permitir una hidrataci\u00f3n r\u00e1pida y f\u00e1cil durante los entrenamientos. Gancho en la parte superior.<\/p>","protected":false},"featured_media":234599,"comment_status":"open","ping_status":"closed","template":"","meta":{"_acf_changed":false},"product_brand":[10489],"product_cat":[15147],"product_tag":[],"class_list":{"0":"post-226333","1":"product","2":"type-product","3":"status-publish","4":"has-post-thumbnail","6":"product_brand-craft","7":"product_cat-new-wave","8":"tm-no-options","10":"first","11":"instock","12":"taxable","13":"shipping-taxable","14":"product-type-variable"},"acf":[],"_links":{"self":[{"href":"https:\/\/grupotextil.es\/ca\/wp-json\/wp\/v2\/product\/226333","targetHints":{"allow":["GET"]}}],"collection":[{"href":"https:\/\/grupotextil.es\/ca\/wp-json\/wp\/v2\/product"}],"about":[{"href":"https:\/\/grupotextil.es\/ca\/wp-json\/wp\/v2\/types\/product"}],"replies":[{"embeddable":true,"href":"https:\/\/grupotextil.es\/ca\/wp-json\/wp\/v2\/comments?post=226333"}],"wp:featuredmedia":[{"embeddable":true,"href":"https:\/\/grupotextil.es\/ca\/wp-json\/wp\/v2\/media\/234599"}],"wp:attachment":[{"href":"https:\/\/grupotextil.es\/ca\/wp-json\/wp\/v2\/media?parent=226333"}],"wp:term":[{"taxonomy":"product_brand","embeddable":true,"href":"https:\/\/grupotextil.es\/ca\/wp-json\/wp\/v2\/product_brand?post=226333"},{"taxonomy":"product_cat","embeddable":true,"href":"https:\/\/grupotextil.es\/ca\/wp-json\/wp\/v2\/product_cat?post=226333"},{"taxonomy":"product_tag","embeddable":true,"href":"https:\/\/grupotextil.es\/ca\/wp-json\/wp\/v2\/product_tag?post=226333"}],"curies":[{"name":"wp","href":"https:\/\/api.w.org\/{rel}","templated":true}]}}