{"id":226338,"date":"2026-03-04T06:23:53","date_gmt":"2026-03-04T05:23:53","guid":{"rendered":"https:\/\/grupotextil.es\/producto\/adv-explore-tech-pants-m\/"},"modified":"2026-04-19T04:06:37","modified_gmt":"2026-04-19T02:06:37","slug":"adv-explore-tech-pants-m","status":"publish","type":"product","link":"https:\/\/grupotextil.es\/ca\/product\/adv-explore-tech-pants-m\/","title":{"rendered":"ADV Explore Tech Pants M"},"content":{"rendered":"<p>Pantalones exteriores hechos de material el\u00e1stico con interior suave para una mayor libertad de movimiento y una comodidad \u00f3ptima. Rodillas pre-curvadas, cintura ajustable, trabillas para el cintur\u00f3n y muchos bolsillos con cremallera.<\/p>\n<p>\u2022 Tela el\u00e1stica con interior suave<\/p>\n<p>\u2022 Dos bolsillos laterales con cremallera<\/p>\n<p>\u2022 Dos bolsillos en las piernas con cremallera<\/p>\n<p>\u2022 Cintura ajustable con velcro y el\u00e1stico<\/p>\n<p>\u2022 Rodillas pre-curvadas para un mejor movimiento<\/p>\n<p>\u2022 Bolsillo trasero con cremallera<\/p>\n<p>\u2022 Trabillas para el cintur\u00f3n en la cintura<\/p>\n<p>\u2022 Logo de Craft en la cadera izquiera y seis puntos en la trabilla trasera del cintur\u00f3n<\/p>\n<p>\u2022 Bot\u00f3n a presi\u00f3n en la cintura con la marca Craft<\/p>\n<p><strong>Composici\u00f3n:<\/strong> 92% Poliamida 8% Elastano | <strong>Peso:<\/strong> 150 g\/m2 | <strong>Tallas:<\/strong> S-4XL<\/p>","protected":false},"excerpt":{"rendered":"<p>Pantalones exteriores hechos de material el\u00e1stico con interior suave para una mayor libertad de movimiento y una comodidad \u00f3ptima. Rodillas pre-curvadas, cintura ajustable, trabillas para el cintur\u00f3n y muchos bolsillos con cremallera.<\/p>","protected":false},"featured_media":234602,"comment_status":"open","ping_status":"closed","template":"","meta":{"_acf_changed":false},"product_brand":[10489],"product_cat":[13983],"product_tag":[],"class_list":{"0":"post-226338","1":"product","2":"type-product","3":"status-publish","4":"has-post-thumbnail","6":"product_brand-craft","7":"product_cat-h-pantalones","8":"tm-no-options","10":"first","11":"instock","12":"taxable","13":"shipping-taxable","14":"product-type-variable"},"acf":[],"_links":{"self":[{"href":"https:\/\/grupotextil.es\/ca\/wp-json\/wp\/v2\/product\/226338","targetHints":{"allow":["GET"]}}],"collection":[{"href":"https:\/\/grupotextil.es\/ca\/wp-json\/wp\/v2\/product"}],"about":[{"href":"https:\/\/grupotextil.es\/ca\/wp-json\/wp\/v2\/types\/product"}],"replies":[{"embeddable":true,"href":"https:\/\/grupotextil.es\/ca\/wp-json\/wp\/v2\/comments?post=226338"}],"wp:featuredmedia":[{"embeddable":true,"href":"https:\/\/grupotextil.es\/ca\/wp-json\/wp\/v2\/media\/234602"}],"wp:attachment":[{"href":"https:\/\/grupotextil.es\/ca\/wp-json\/wp\/v2\/media?parent=226338"}],"wp:term":[{"taxonomy":"product_brand","embeddable":true,"href":"https:\/\/grupotextil.es\/ca\/wp-json\/wp\/v2\/product_brand?post=226338"},{"taxonomy":"product_cat","embeddable":true,"href":"https:\/\/grupotextil.es\/ca\/wp-json\/wp\/v2\/product_cat?post=226338"},{"taxonomy":"product_tag","embeddable":true,"href":"https:\/\/grupotextil.es\/ca\/wp-json\/wp\/v2\/product_tag?post=226338"}],"curies":[{"name":"wp","href":"https:\/\/api.w.org\/{rel}","templated":true}]}}