{"id":226402,"date":"2026-03-04T06:24:33","date_gmt":"2026-03-04T05:24:33","guid":{"rendered":"https:\/\/grupotextil.es\/producto\/manhattan-l-s-women\/"},"modified":"2026-04-19T04:06:38","modified_gmt":"2026-04-19T02:06:38","slug":"manhattan-l-s-women","status":"publish","type":"product","link":"https:\/\/grupotextil.es\/ca\/product\/manhattan-l-s-women\/","title":{"rendered":"Manhattan L\/S Women"},"content":{"rendered":"<p>Versi\u00f3n manga larga de nuestro polo Manhattan. La versi\u00f3n masculina con canal\u00e9 en pu\u00f1os. Ambas versiones presentan 2 rayas de punto jacquard en el cuello y 3 botones a tono en la tapeta. De f\u00e1cil retiquetado. Prenda preencogida y con tratamiento enzim\u00e1tico.<\/p>\n<p><strong>Composici\u00f3n:<\/strong> 65% Poli\u00e9ster 35% Algod\u00f3n (gris marengo [95] 85% Algod\u00f3n, 15% Viscosa) | <strong>Peso:<\/strong> 200 g\/m2 | <strong>Tallas:<\/strong> XS-4XL<\/p>","protected":false},"excerpt":{"rendered":"<p>Versi\u00f3n manga larga de nuestro polo Manhattan. La versi\u00f3n masculina con canal\u00e9 en pu\u00f1os. Ambas versiones presentan 2 rayas de punto jacquard en el cuello y 3 botones a tono en la tapeta. De f\u00e1cil retiquetado. Prenda preencogida y con tratamiento enzi<\/p>","protected":false},"featured_media":234632,"comment_status":"open","ping_status":"closed","template":"","meta":{"_acf_changed":false},"product_brand":[10446],"product_cat":[13979],"product_tag":[],"class_list":{"0":"post-226402","1":"product","2":"type-product","3":"status-publish","4":"has-post-thumbnail","6":"product_brand-clique","7":"product_cat-h-polos","8":"tm-no-options","10":"first","11":"instock","12":"taxable","13":"shipping-taxable","14":"product-type-variable"},"acf":[],"_links":{"self":[{"href":"https:\/\/grupotextil.es\/ca\/wp-json\/wp\/v2\/product\/226402","targetHints":{"allow":["GET"]}}],"collection":[{"href":"https:\/\/grupotextil.es\/ca\/wp-json\/wp\/v2\/product"}],"about":[{"href":"https:\/\/grupotextil.es\/ca\/wp-json\/wp\/v2\/types\/product"}],"replies":[{"embeddable":true,"href":"https:\/\/grupotextil.es\/ca\/wp-json\/wp\/v2\/comments?post=226402"}],"wp:featuredmedia":[{"embeddable":true,"href":"https:\/\/grupotextil.es\/ca\/wp-json\/wp\/v2\/media\/234632"}],"wp:attachment":[{"href":"https:\/\/grupotextil.es\/ca\/wp-json\/wp\/v2\/media?parent=226402"}],"wp:term":[{"taxonomy":"product_brand","embeddable":true,"href":"https:\/\/grupotextil.es\/ca\/wp-json\/wp\/v2\/product_brand?post=226402"},{"taxonomy":"product_cat","embeddable":true,"href":"https:\/\/grupotextil.es\/ca\/wp-json\/wp\/v2\/product_cat?post=226402"},{"taxonomy":"product_tag","embeddable":true,"href":"https:\/\/grupotextil.es\/ca\/wp-json\/wp\/v2\/product_tag?post=226402"}],"curies":[{"name":"wp","href":"https:\/\/api.w.org\/{rel}","templated":true}]}}