{"id":226425,"date":"2026-03-04T06:24:45","date_gmt":"2026-03-04T05:24:45","guid":{"rendered":"https:\/\/grupotextil.es\/producto\/xplor-2-m\/"},"modified":"2026-04-19T04:06:38","modified_gmt":"2026-04-19T02:06:38","slug":"xplor-2-m","status":"publish","type":"product","link":"https:\/\/grupotextil.es\/ca\/product\/xplor-2-m\/","title":{"rendered":"Xplor 2 M"},"content":{"rendered":"<p>Xplor 2 representa la segunda generaci\u00f3n de nuestra zapatilla de running de rendimiento m\u00e1s vers\u00e1til, con una parte superior redise\u00f1ada que ofrece un ajuste m\u00e1s seguro, mayor ventilaci\u00f3n y durabilidad mejorada para una comodidad duradera.<\/p>\n<p>Inspirada en la versatilidad de las bicicletas de gravilla, esta zapatilla profesional ofrece el rendimiento h\u00edbrido perfecto, con la sensaci\u00f3n de una zapatilla de carretera en el asfalto y una zapatilla de trail en la tierra. La nueva y mejorada parte superior de malla de ingenier\u00eda de 2 capas de la zapatilla, dise\u00f1ada con zonas mapeadas seg\u00fan el cuerpo, mejora la ventilaci\u00f3n y ofrece un ajuste m\u00e1s ce\u00f1ido y seguro para una carrera estable y c\u00f3moda.<\/p>\n<p>Lo que distingue al Xplor 2 es su integraci\u00f3n de la tecnolog\u00eda de competici\u00f3n en grava del Campeonato del Mundo de Vittoria. Este innovador dise\u00f1o, inspirado en los modelos de neum\u00e1ticos Terreno Dry y Terreno Mix, ofrece una tracci\u00f3n y durabilidad excepcionales en cualquier terreno, gracias a sus bordes en forma de escama de pez y a su laminado progresivo, optimizado para alcanzar la m\u00e1xima velocidad donde termina el pavimento. Para una experiencia m\u00e1s suave y c\u00f3moda, la entresuela cuenta con una versi\u00f3n m\u00e1s blanda de nuestra Px Foam\u2122 de rebote y respuesta.<\/p>\n<p>Px Foam\u2122<\/p>\n<p>Px Foam\u2122 es un material de entresuela ultraligero que destaca por su retorno de energ\u00eda, absorci\u00f3n de impactos y flexibilidad. Elaborado con un \u00fanico agente espumante natural, este innovador material se produce sin reticulantes qu\u00edmicos, lo que garantiza un proceso no t\u00f3xico. Adem\u00e1s, las materias primas y los materiales acabados son totalmente reutilizables. La espuma de alto rendimiento tiene una densidad extremadamente baja, por lo que es hasta un 20\u00a0% m\u00e1s ligera que la EVA tradicional. El peso reducido combinado con un rebote explosivo hacen que Px Foam\u2122 sea perfecto para cada carrera.<\/p>\n<p>Suela Vittoria inspirada en Terreno<\/p>\n<p>Fabricada en colaboraci\u00f3n con Vittoria, el fabricante de neum\u00e1ticos para bicicletas de fama mundial, esta exclusiva suela exterior presenta bordes en forma de escamas de pez y laminillas progresivas, inspiradas en los patrones de los neum\u00e1ticos Terreno Dry y Terreno Mix. El resultado es una suela optimizada para la m\u00e1xima velocidad m\u00e1s all\u00e1 del paisaje urbano, que ofrece una tracci\u00f3n y durabilidad excepcionales en cualquier terreno.<\/p>\n<p>Craft Endurance Fit\u00ae<\/p>\n<p>Craft Endurance Fit\u00ae presenta un tal\u00f3n estrecho, sujeci\u00f3n en el mediopi\u00e9 y un antepi\u00e9 espacioso. La estrecha talonera evita totalmente el deslizamiento, lo que proporciona una estabilidad inigualable en todo tipo de terrenos. El dise\u00f1o de sujeci\u00f3n del mediopi\u00e9 ofrece un ajuste seguro, aumentando la confianza en cada zancada. Adem\u00e1s, el amplio antepi\u00e9 permite el movimiento natural de los dedos y los metatarsos, lo que aumenta a\u00fan m\u00e1s el confort.<\/p>\n<p>\u2022 Parte superior de malla de ingenier\u00eda de 2 capas fabricada con un 50\u00a0% de materiales reciclados<\/p>\n<p>\u2022 Entresuela de Px Foam\u2122: retorno de energ\u00eda superior.<\/p>\n<p>\u2022 Chasis contorneado para reducir el peso y ofrecer mayor comodidad<\/p>\n<p>\u2022 Suela de tracci\u00f3n Vittoria inspirada en los neum\u00e1ticos de bicicleta de monta\u00f1a Terreno<\/p>\n<p>\u2022 Leng\u00fceta de malla acolchada sujeta por fuelles laterales<\/p>\n<p>\u2022 Plantilla fabricada con un 100\u00a0% de material reciclado<\/p>\n<p>\u2022 Plantilla de espuma fabricada con un 30\u00a0% de material reciclado<\/p>\n<p>\u2022 Craft Endurance Fit\u00ae<\/p>\n<p>\u2022 Peso: 316\u00a0g en talla UK8<\/p>\n<ul>\n<li>Tal\u00f3n 41\u00a0mm, antepi\u00e9 35\u00a0mm incl. plantilla<\/li>\n<\/ul>\n<p>\u2022 Inclinaci\u00f3n: 6\u00a0mm<\/p>\n<p><strong>Composici\u00f3n:<\/strong> Upper 52% Poli\u00e9ster reciclado, 46% Poli\u00e9ster, 2% Spandex Padding, 100% Poliuretano, Lining 100% Poli\u00e9ster reciclado, Laces 100% Poli\u00e9ster reciclado, Insole Board 100% Poli\u00e9ster, Insole 70% Poliamida, 30% Poli\u00e9ster reciclado, Midsole 100% ETPU Foam, Midsole insert 100% Poliamida, Outsole 100% Rubber | <strong>Tallas:<\/strong> 6 (39,5)-14 (49,5)<\/p>","protected":false},"excerpt":{"rendered":"<p>Xplor 2 representa la segunda generaci\u00f3n de nuestra zapatilla de running de rendimiento m\u00e1s vers\u00e1til, con una parte superior redise\u00f1ada que ofrece un ajuste m\u00e1s seguro, mayor ventilaci\u00f3n y durabilidad mejorada para una comodidad duradera.<\/p>","protected":false},"featured_media":234645,"comment_status":"open","ping_status":"closed","template":"","meta":{"_acf_changed":false},"product_brand":[10489],"product_cat":[15142],"product_tag":[],"class_list":{"0":"post-226425","1":"product","2":"type-product","3":"status-publish","4":"has-post-thumbnail","6":"product_brand-craft","7":"product_cat-calzado","8":"tm-no-options","10":"first","11":"instock","12":"taxable","13":"shipping-taxable","14":"product-type-variable"},"acf":[],"_links":{"self":[{"href":"https:\/\/grupotextil.es\/ca\/wp-json\/wp\/v2\/product\/226425","targetHints":{"allow":["GET"]}}],"collection":[{"href":"https:\/\/grupotextil.es\/ca\/wp-json\/wp\/v2\/product"}],"about":[{"href":"https:\/\/grupotextil.es\/ca\/wp-json\/wp\/v2\/types\/product"}],"replies":[{"embeddable":true,"href":"https:\/\/grupotextil.es\/ca\/wp-json\/wp\/v2\/comments?post=226425"}],"wp:featuredmedia":[{"embeddable":true,"href":"https:\/\/grupotextil.es\/ca\/wp-json\/wp\/v2\/media\/234645"}],"wp:attachment":[{"href":"https:\/\/grupotextil.es\/ca\/wp-json\/wp\/v2\/media?parent=226425"}],"wp:term":[{"taxonomy":"product_brand","embeddable":true,"href":"https:\/\/grupotextil.es\/ca\/wp-json\/wp\/v2\/product_brand?post=226425"},{"taxonomy":"product_cat","embeddable":true,"href":"https:\/\/grupotextil.es\/ca\/wp-json\/wp\/v2\/product_cat?post=226425"},{"taxonomy":"product_tag","embeddable":true,"href":"https:\/\/grupotextil.es\/ca\/wp-json\/wp\/v2\/product_tag?post=226425"}],"curies":[{"name":"wp","href":"https:\/\/api.w.org\/{rel}","templated":true}]}}